{"id":965,"date":"2025-06-11T13:31:44","date_gmt":"2025-06-11T13:31:44","guid":{"rendered":"https:\/\/thesilverings.com\/?post_type=product&#038;p=965"},"modified":"2025-06-12T17:15:03","modified_gmt":"2025-06-12T17:15:03","slug":"muzsky-prsten-strieborny-hebrejsky-list","status":"publish","type":"product","link":"https:\/\/thesilverings.com\/sk\/obchod\/panske-svadobne-obrucky\/strieborne-svadobne-obrucky\/muzsky-prsten-strieborny-hebrejsky-list\/","title":{"rendered":"Prste\u0148 mu\u017e strieborn\u00fd list hebrejsky"},"content":{"rendered":"<h2>\ud83d\udd25 PRESK\u00daMAJTE SVOJU MU\u017dNOS\u0164 SO STRIEBORN\u00ddM P\u00c1NSKYM PRSTE\u0147OM S HEBREJSK\u00ddM P\u00cdSMENOM \ud83c\udf1f<\/h2>\n<p>Uvo\u013enite siln\u00e9 posolstvo mu\u017enosti a autenticity s na\u0161ou <strong>Strieborn\u00fd prste\u0148 925<\/strong> zdoben\u00e9 hebrejsk\u00fdmi p\u00edsmenami. Tento doplnok nie je len vyjadren\u00edm \u0161t\u00fdlu, ale aj odrazom va\u0161ej jedine\u010dnej a silnej identity.<\/p>\n<ul>\n<li>\ud83d\udc4a <strong>Exkluz\u00edvny dizajn:<\/strong> Noste v\u00fdrazn\u00fd symbol z hebrejskej abecedy, pri\u010dom ka\u017ed\u00fd prste\u0148 je jedine\u010dn\u00fd, aby umocnil va\u0161u jedine\u010dnos\u0165.<\/li>\n<li>\ud83d\udee1\ufe0f <strong>Vynikaj\u00faca kvalita:<\/strong> Striebro 925, z\u00e1ruka trvanlivosti a prest\u00ed\u017ee, starostlivo vybran\u00e9 pre mu\u017eov, ktor\u00ed oce\u0148uj\u00fa dokonalos\u0165.<\/li>\n<li>\ud83c\udfc5 <strong>Optimalizovan\u00fd komfort:<\/strong> Jemne spracovan\u00e9 na ka\u017edodenn\u00e9 nosenie bez nepohodlia, ide\u00e1lne na udr\u017eanie kroku s ka\u017ed\u00fdm pohybom vo va\u0161om akt\u00edvnom \u017eivote.<\/li>\n<li>\ud83c\udf0d <strong>V\u00fdzva k trad\u00edcii:<\/strong> Hebrejsk\u00e9 p\u00edsmen\u00e1 v sebe nes\u00fa hist\u00f3riu a silu a sp\u00e1jaj\u00fa nosite\u013ea so starobyl\u00fdmi a mocn\u00fdmi hodnotami.<\/li>\n<li>\ud83c\udf81 <strong>Ide\u00e1lne ako dar\u010dek:<\/strong> Ide\u00e1lny dar\u010dek pre mu\u017eov, ktor\u00ed si cenia kult\u00faru, hist\u00f3riu a personaliz\u00e1ciu svojich doplnkov.<\/li>\n<li>\ud83d\ude80 <strong>Obmedzen\u00e9 mno\u017estvo na sklade:<\/strong> Exkluz\u00edvna dostupnos\u0165 pre t\u00fdch, ktor\u00ed konaj\u00fa r\u00fdchlo. Nepreme\u0161kajte svoju \u0161ancu vlastni\u0165 toto vz\u00e1cne dielo.<\/li>\n<\/ul>\n<h3>Pre\u010do si vybra\u0165 Bague homme argent lettre h\u00e9breu?<\/h3>\n<p>V\u00fdber tohto prste\u0148a znamen\u00e1, \u017ee sa rozhodnete vy\u010dnieva\u0165 z davu:<\/p>\n<ul>\n<li><strong>Autentickos\u0165:<\/strong> Dajte o sebe vedie\u0165 k\u00faskom, ktor\u00fd hovor\u00ed o va\u0161ich kore\u0148och a va\u0161ej najhlb\u0161ej identite.<\/li>\n<li><strong>Zaru\u010den\u00e1 kvalita:<\/strong> Vyr\u00e1ba sa s maxim\u00e1lnou starostlivos\u0165ou a podlieha pr\u00edsnym kontrol\u00e1m, aby sa zabezpe\u010dila jeho \u010distota a odolnos\u0165.<\/li>\n<li><strong>Univerz\u00e1lny \u0161t\u00fdl:<\/strong> Navrhnut\u00e9 tak, aby sa prisp\u00f4sobili v\u0161etk\u00fdm prostrediam, od t\u00fdch najbe\u017enej\u0161\u00edch a\u017e po tie najform\u00e1lnej\u0161ie, a zv\u00fd\u0161ili va\u0161e sebavedomie pri ka\u017edej pr\u00edle\u017eitosti.<\/li>\n<\/ul>\n<p><strong>\u231a K dispoz\u00edcii len na obmedzen\u00fd \u010das!<\/strong> Dopl\u0148te svoju zbierku o symbol svojej mu\u017eskej individuality e\u0161te dnes. Nezme\u0161kajte t\u00fato jedine\u010dn\u00fa ponuku: <em>\"K\u00fapte si teraz a vyjadrite svoju nekompromisn\u00fa mu\u017enos\u0165!\"<\/em><\/p>","protected":false},"excerpt":{"rendered":"<p>\ud83d\udd25 VYTVORTE SI SVOJU VIRILITU SO STRIEBORN\u00ddM PRSTENOM S HEBREJSK\u00ddMI P\u00cdSMENAMI \ud83c\udf1f Odha\u013ete siln\u00fd odkaz mu\u017enosti a autenticity s na\u0161\u00edm prste\u0148om zo striebra 925 zdoben\u00fdm hebrejsk\u00fdmi p\u00edsmenami. Tento doplnok nie je len ... <\/p>\n<p class=\"read-more-container\"><a title=\"Prste\u0148 mu\u017e strieborn\u00fd list hebrejsky\" class=\"read-more button\" href=\"https:\/\/thesilverings.com\/sk\/obchod\/panske-svadobne-obrucky\/strieborne-svadobne-obrucky\/muzsky-prsten-strieborny-hebrejsky-list\/#more-965\" aria-label=\"Pre\u010d\u00edtajte si viac o Ring man silver letter hebrew\">Pre\u010d\u00edtajte si viac<\/a><\/p>","protected":false},"featured_media":982,"comment_status":"closed","ping_status":"closed","template":"","meta":[],"product_brand":[],"product_cat":[31,30],"product_tag":[],"class_list":{"0":"post-965","1":"product","2":"type-product","3":"status-publish","4":"has-post-thumbnail","6":"product_cat-alliances-argent","7":"product_cat-alliances-hommes","8":"sales-flash-overlay","9":"woocommerce-text-align-left","10":"woocommerce-image-align-center","11":"do-quantity-buttons","12":"wc-has-gallery","14":"first","15":"instock","16":"sale","17":"shipping-taxable","18":"purchasable","19":"product-type-variable"},"_links":{"self":[{"href":"https:\/\/thesilverings.com\/sk\/wp-json\/wp\/v2\/product\/965","targetHints":{"allow":["GET"]}}],"collection":[{"href":"https:\/\/thesilverings.com\/sk\/wp-json\/wp\/v2\/product"}],"about":[{"href":"https:\/\/thesilverings.com\/sk\/wp-json\/wp\/v2\/types\/product"}],"replies":[{"embeddable":true,"href":"https:\/\/thesilverings.com\/sk\/wp-json\/wp\/v2\/comments?post=965"}],"wp:featuredmedia":[{"embeddable":true,"href":"https:\/\/thesilverings.com\/sk\/wp-json\/wp\/v2\/media\/982"}],"wp:attachment":[{"href":"https:\/\/thesilverings.com\/sk\/wp-json\/wp\/v2\/media?parent=965"}],"wp:term":[{"taxonomy":"product_brand","embeddable":true,"href":"https:\/\/thesilverings.com\/sk\/wp-json\/wp\/v2\/product_brand?post=965"},{"taxonomy":"product_cat","embeddable":true,"href":"https:\/\/thesilverings.com\/sk\/wp-json\/wp\/v2\/product_cat?post=965"},{"taxonomy":"product_tag","embeddable":true,"href":"https:\/\/thesilverings.com\/sk\/wp-json\/wp\/v2\/product_tag?post=965"}],"curies":[{"name":"wp","href":"https:\/\/api.w.org\/{rel}","templated":true}]}}