{"id":911,"date":"2025-06-11T13:30:56","date_gmt":"2025-06-11T13:30:56","guid":{"rendered":"https:\/\/thesilverings.com\/?post_type=product&#038;p=911"},"modified":"2025-06-12T17:15:02","modified_gmt":"2025-06-12T17:15:02","slug":"muz-prsten-lebka-cista-lebka-striebro","status":"publish","type":"product","link":"https:\/\/thesilverings.com\/sk\/obchod\/modne-prstene\/lebka-a-skrizene-kosti\/muz-prsten-lebka-cista-lebka-striebro\/","title":{"rendered":"P\u00e1nsky prste\u0148 s \u010distou lebkou strieborn\u00fd"},"content":{"rendered":"<h2>\ud83d\udd25 MAN RING SKULL PURE SKULL SILVER 925 - MANIFEST YOUR POWER <\/h2>\n<p>Presved\u010dte sa o svojom \u0161t\u00fdle s odvahou a osobitos\u0165ou v\u010faka <strong>925 strieborn\u00fd prste\u0148 s lebkou pre mu\u017eov<\/strong>. Symbol odolnosti a sily, ktor\u00fd nikdy nezostane bez pov\u0161imnutia, ide\u00e1lny pre modern\u00e9ho mu\u017ea, ktor\u00fd chce vyjadri\u0165 svoju mu\u017enos\u0165.<\/p>\n<ul>\n<li>\ud83d\udc80 <strong>Jedine\u010dn\u00fd dizajn<\/strong>Ka\u017ed\u00fd detail p\u00e1nskeho prste\u0148a s lebkou a skr\u00ed\u017een\u00fdmi kos\u0165ami je prec\u00edzne spracovan\u00fd tak, aby odr\u00e1\u017eal divok\u00fa, neskrotn\u00fa mu\u017enos\u0165.<\/li>\n<li>\ud83c\udf1f <strong>Striebro 925<\/strong>Striebro 925 je nielen odoln\u00e9, ale pon\u00faka aj jedine\u010dn\u00fd lesk pre \u0161t\u00fdl, ktor\u00fd vydr\u017e\u00ed cel\u00fd \u017eivot.<\/li>\n<li>\u2694\ufe0f <strong>Symbol sily<\/strong>Lebka so skr\u00ed\u017een\u00fdmi kos\u0165ami je klasick\u00fdm symbolom odvahy a sily, ktor\u00fd je ide\u00e1lny na zd\u00f4raznenie mu\u017enej pr\u00edtomnosti.<\/li>\n<li>\ud83d\udee0\ufe0f <strong>Prec\u00edzne remeseln\u00e9 spracovanie<\/strong>: Ka\u017ed\u00fd prste\u0148, vyroben\u00fd odborn\u00fdmi remeseln\u00edkmi, je \u0161perk\u00e1rskym majstrovsk\u00fdm dielom.<\/li>\n<li>\ud83d\udcd0 <strong>Prisp\u00f4sobite\u013en\u00e1 ve\u013ekos\u0165<\/strong>Je navrhnut\u00fd tak, aby v\u00e1m tesne priliehal k prstu, tak\u017ee ho m\u00f4\u017eete nosi\u0165 ka\u017ed\u00fd de\u0148 bez nepohodlia.<\/li>\n<li>\ud83c\udf81 <strong>Ide\u00e1lne ako dar\u010dek<\/strong>Vynikaj\u00faci n\u00e1pad na dar\u010dek pre mu\u017eov, ktor\u00ed si cenia silu aj \u0161t\u00fdlov\u00fa jemnos\u0165.<\/li>\n<\/ul>\n<h3>Pre\u010do si vybra\u0165 Bague homme t\u00eate de mort pure skull argent?<\/h3>\n<p>Tento prste\u0148, ktor\u00fd je jedine\u010dnou pr\u00edle\u017eitos\u0165ou nosi\u0165 doplnok, ktor\u00fd rozpr\u00e1va pr\u00edbeh, nie je len \u0161perkom, ale aj vyjadren\u00edm:<\/p>\n<ul>\n<li>\ud83c\udfc5 <strong>Zaru\u010den\u00e1 kvalita<\/strong>Investujte do kvality, ktor\u00e1 vydr\u017e\u00ed. Ka\u017ed\u00fd prste\u0148 je skontrolovan\u00fd, aby sa zabezpe\u010dila \u00fapln\u00e1 spokojnos\u0165.<\/li>\n<li>\ud83d\udc51 <strong>Vyjadrite svoju individualitu<\/strong>Vyniknite v spolo\u010dnosti s doplnkom, ktor\u00fd pod\u010diarkne va\u0161u jedine\u010dn\u00fa osobnos\u0165 a vn\u00fatorn\u00fa silu.<\/li>\n<li>\ud83d\udce6 <strong>Bezpe\u010dn\u00e9 doru\u010denie<\/strong>Starostlivo zabalen\u00e9 a r\u00fdchlo dodan\u00e9, pripraven\u00e9 na nosenie alebo darovanie hne\u010f po pr\u00edchode.<\/li>\n<\/ul>\n<p><strong>Nenechajte si ujs\u0165 tento ikonick\u00fd k\u00fasok!<\/strong> Obmedzen\u00e9 z\u00e1soby - kliknite teraz na n\u00e1kup <strong>925 strieborn\u00fd prste\u0148 s lebkou pre mu\u017eov<\/strong> stredobodom va\u0161ej zbierky. <em>Pridajte si ho do ko\u0161\u00edka e\u0161te dnes a stelesnite mu\u017en\u00fa silu, ktor\u00fa si zasl\u00fa\u017eite!<\/em><\/p>","protected":false},"excerpt":{"rendered":"<p>\ud83d\udd25 925 SILVER PURE SKULL MEN'S RING - MANIFEST YOUR POWER Presved\u010dte sa o svojom \u0161t\u00fdle s odvahou a osobitos\u0165ou v\u010faka 925 SILVER PURE SKULL MEN'S RING. Symbol ... <\/p>\n<p class=\"read-more-container\"><a title=\"P\u00e1nsky prste\u0148 s \u010distou lebkou strieborn\u00fd\" class=\"read-more button\" href=\"https:\/\/thesilverings.com\/sk\/obchod\/modne-prstene\/lebka-a-skrizene-kosti\/muz-prsten-lebka-cista-lebka-striebro\/#more-911\" aria-label=\"Pre\u010d\u00edtajte si viac o Man ring skull pure silver\">Pre\u010d\u00edtajte si viac<\/a><\/p>","protected":false},"featured_media":928,"comment_status":"closed","ping_status":"closed","template":"","meta":[],"product_brand":[],"product_cat":[26,42],"product_tag":[],"class_list":{"0":"post-911","1":"product","2":"type-product","3":"status-publish","4":"has-post-thumbnail","6":"product_cat-bagues-fantaisies","7":"product_cat-tete-de-mort","8":"sales-flash-overlay","9":"woocommerce-text-align-left","10":"woocommerce-image-align-center","11":"do-quantity-buttons","12":"wc-has-gallery","14":"first","15":"instock","16":"sale","17":"shipping-taxable","18":"purchasable","19":"product-type-variable"},"_links":{"self":[{"href":"https:\/\/thesilverings.com\/sk\/wp-json\/wp\/v2\/product\/911","targetHints":{"allow":["GET"]}}],"collection":[{"href":"https:\/\/thesilverings.com\/sk\/wp-json\/wp\/v2\/product"}],"about":[{"href":"https:\/\/thesilverings.com\/sk\/wp-json\/wp\/v2\/types\/product"}],"replies":[{"embeddable":true,"href":"https:\/\/thesilverings.com\/sk\/wp-json\/wp\/v2\/comments?post=911"}],"wp:featuredmedia":[{"embeddable":true,"href":"https:\/\/thesilverings.com\/sk\/wp-json\/wp\/v2\/media\/928"}],"wp:attachment":[{"href":"https:\/\/thesilverings.com\/sk\/wp-json\/wp\/v2\/media?parent=911"}],"wp:term":[{"taxonomy":"product_brand","embeddable":true,"href":"https:\/\/thesilverings.com\/sk\/wp-json\/wp\/v2\/product_brand?post=911"},{"taxonomy":"product_cat","embeddable":true,"href":"https:\/\/thesilverings.com\/sk\/wp-json\/wp\/v2\/product_cat?post=911"},{"taxonomy":"product_tag","embeddable":true,"href":"https:\/\/thesilverings.com\/sk\/wp-json\/wp\/v2\/product_tag?post=911"}],"curies":[{"name":"wp","href":"https:\/\/api.w.org\/{rel}","templated":true}]}}