{"id":2116,"date":"2025-06-11T13:39:36","date_gmt":"2025-06-11T13:39:36","guid":{"rendered":"https:\/\/thesilverings.com\/?post_type=product&#038;p=2116"},"modified":"2025-06-12T17:15:19","modified_gmt":"2025-06-12T17:15:19","slug":"strieborny-prsten-kralovsky-tron","status":"publish","type":"product","link":"https:\/\/thesilverings.com\/sk\/obchod\/prstene-s-kamenmi\/onyx\/strieborny-prsten-kralovsky-tron\/","title":{"rendered":"Strieborn\u00fd prste\u0148 kr\u00e1\u013ea tr\u00f3nu"},"content":{"rendered":"<h2>\ud83d\udc51 KR\u00c1\u013dOVSK\u00dd STRIEBORN\u00dd PRSTE\u0147 - SPOJENEC VA\u0160EJ MU\u017dNOSTI<\/h2>\n<p><strong>Dokonalos\u0165 na dosah ruky.<\/strong> Objavte prste\u0148, ktor\u00fd nielen skr\u00e1\u0161li va\u0161u ruku, ale aj symbolizuje va\u0161u silu a kr\u00e1\u013eovsk\u00fa hodnos\u0165. Tento prste\u0148 je ide\u00e1lny pre milovn\u00edkov odv\u00e1\u017enych vzorov a silnej symboliky a je skuto\u010dn\u00fdm mu\u017en\u00fdm vyhl\u00e1sen\u00edm.<\/p>\n<ul>\n<li>\ud83d\udd0d <strong>Jedine\u010dn\u00fd dizajn<\/strong>Ka\u017ed\u00fd detail strieborn\u00e9ho prste\u0148a \"Kr\u00e1\u013eovsk\u00fd tr\u00f3n\", in\u0161pirovan\u00fd brnen\u00edm ve\u013ek\u00fdch cis\u00e1rov, je navrhnut\u00fd tak, aby odr\u00e1\u017eal va\u0161u odvahu a vodcovstvo.<\/li>\n<li>\ud83c\udfc6 <strong>Zaru\u010den\u00e1 \u010distota<\/strong>Je vyroben\u00fd zo striebra 925 a je nielen pr\u00eds\u013eubom trval\u00e9ho lesku, ale aj symbolom \u010distoty a u\u0161\u013eachtilosti.<\/li>\n<li>\ud83d\udcaa <strong>Zd\u00f4raznen\u00e1 mu\u017enos\u0165<\/strong>: Ide\u00e1lne na zd\u00f4raznenie va\u0161ej pr\u00edtomnosti a posilnenie v\u00e1\u0161ho imid\u017eu alfa samca.<\/li>\n<li>\ud83e\udd35 <strong>Pr\u00edkladn\u00fd komfort<\/strong>Ergonomick\u00fd tvar je navrhnut\u00fd na ka\u017edodenn\u00e9 nosenie bez nepohodlia a dokonale sa prisp\u00f4sob\u00ed v\u00e1\u0161mu prstu.<\/li>\n<li>\ud83d\udd04 <strong>V\u0161estrannos\u0165<\/strong>: Tento prste\u0148 je ide\u00e1lny na v\u0161etky pr\u00edle\u017eitosti, bude v\u00e1s sprev\u00e1dza\u0165 na obchodn\u00fdch stretnutiach aj na v\u00fdletoch s priate\u013emi.<\/li>\n<li>\ud83d\udc4c <strong>Vysokokvalitn\u00e9 remeseln\u00e9 spracovanie<\/strong>Ka\u017ed\u00fd prste\u0148 je jemne ru\u010dne vyroben\u00fd odborn\u00fdmi remeseln\u00edkmi, \u010do zaru\u010duje, \u017ee \u0161perk bude rovnako jedine\u010dn\u00fd ako vy.<\/li>\n<\/ul>\n<h3>Pre\u010do si vybra\u0165 Bague argent homme tr\u00f4ne du roi?<\/h3>\n<p>Vo svete, kde z\u00e1le\u017e\u00ed na ka\u017edom detaile, je v\u00fdber spr\u00e1vneho <strong>Strieborn\u00fd prste\u0148 kr\u00e1\u013ea tr\u00f3nu<\/strong> znamen\u00e1, \u017ee sa rozhodnete pre :<\/p>\n<ul>\n<li>\ud83d\udc8e <strong>Exkluz\u00edvne<\/strong>: Vlastnite \u0161perk, ktor\u00fd vynik\u00e1 dizajnom a kvalitou.<\/li>\n<li>\ud83d\udd90\ufe0f <strong>Spo\u013eahlivos\u0165<\/strong>: Urobte trval\u00fd n\u00e1kup s prste\u0148om, ktor\u00fd vydr\u017e\u00ed sk\u00fa\u0161ku \u010dasu.<\/li>\n<li>\ud83c\udf81 <strong>Predstavujeme Luxe<\/strong>: Obdr\u017e\u00edte prste\u0148 v elegantnej prezenta\u010dnej krabi\u010dke, pripraven\u00fd na darovanie alebo do va\u0161ej osobnej zbierky.<\/li>\n<\/ul>\n<p><strong>Ste pripraven\u00ed vl\u00e1dnu\u0165 svojmu svetu \u0161t\u00fdlovo a sebavedomo?<\/strong> Nenechajte si ujs\u0165 tento vz\u00e1cny a siln\u00fd k\u00fasok. <strong>Obmedzen\u00e9 z\u00e1soby<\/strong> - objednajte si ho r\u00fdchlo, aby ste mali istotu, \u017ee tento prste\u0148 bude tr\u00f3ni\u0165 na va\u0161ej ruke! <strong><a href=\"URL-DE-LA-BAGUE\">K\u00fapi\u0165 teraz!<\/a><\/strong><\/p>","protected":false},"excerpt":{"rendered":"<p>\ud83d\udc51 STRIEBORN\u00dd PRSTEN KR\u00c1\u013dOVSK\u00c9HO TROJUHELN\u00cdKA - V\u0160ETKO V\u00c1\u0160HO D\u00d4VODU Dokonalos\u0165 na dosah ruky. Objavte prste\u0148, ktor\u00fd nielen skr\u00e1\u0161li va\u0161u ruku, ale z\u00e1rove\u0148 symbolizuje va\u0161u silu a ... <\/p>\n<p class=\"read-more-container\"><a title=\"Strieborn\u00fd prste\u0148 kr\u00e1\u013ea tr\u00f3nu\" class=\"read-more button\" href=\"https:\/\/thesilverings.com\/sk\/obchod\/prstene-s-kamenmi\/onyx\/strieborny-prsten-kralovsky-tron\/#more-2116\" aria-label=\"Pre\u010d\u00edtajte si viac o Ring silver man king&#039;s throne\">Pre\u010d\u00edtajte si viac<\/a><\/p>","protected":false},"featured_media":2144,"comment_status":"closed","ping_status":"closed","template":"","meta":[],"product_brand":[],"product_cat":[27,28,49,46],"product_tag":[],"class_list":{"0":"post-2116","1":"product","2":"type-product","3":"status-publish","4":"has-post-thumbnail","6":"product_cat-chevalieres","7":"product_cat-chevalieres-argent","8":"product_cat-oeil-de-tigre","9":"product_cat-onyx","10":"sales-flash-overlay","11":"woocommerce-text-align-left","12":"woocommerce-image-align-center","13":"do-quantity-buttons","15":"first","16":"instock","17":"sale","18":"shipping-taxable","19":"purchasable","20":"product-type-variable","21":"has-default-attributes"},"_links":{"self":[{"href":"https:\/\/thesilverings.com\/sk\/wp-json\/wp\/v2\/product\/2116","targetHints":{"allow":["GET"]}}],"collection":[{"href":"https:\/\/thesilverings.com\/sk\/wp-json\/wp\/v2\/product"}],"about":[{"href":"https:\/\/thesilverings.com\/sk\/wp-json\/wp\/v2\/types\/product"}],"replies":[{"embeddable":true,"href":"https:\/\/thesilverings.com\/sk\/wp-json\/wp\/v2\/comments?post=2116"}],"wp:featuredmedia":[{"embeddable":true,"href":"https:\/\/thesilverings.com\/sk\/wp-json\/wp\/v2\/media\/2144"}],"wp:attachment":[{"href":"https:\/\/thesilverings.com\/sk\/wp-json\/wp\/v2\/media?parent=2116"}],"wp:term":[{"taxonomy":"product_brand","embeddable":true,"href":"https:\/\/thesilverings.com\/sk\/wp-json\/wp\/v2\/product_brand?post=2116"},{"taxonomy":"product_cat","embeddable":true,"href":"https:\/\/thesilverings.com\/sk\/wp-json\/wp\/v2\/product_cat?post=2116"},{"taxonomy":"product_tag","embeddable":true,"href":"https:\/\/thesilverings.com\/sk\/wp-json\/wp\/v2\/product_tag?post=2116"}],"curies":[{"name":"wp","href":"https:\/\/api.w.org\/{rel}","templated":true}]}}