{"id":1186,"date":"2025-06-11T13:33:40","date_gmt":"2025-06-11T13:33:40","guid":{"rendered":"https:\/\/thesilverings.com\/?post_type=product&#038;p=1186"},"modified":"2025-06-12T17:15:08","modified_gmt":"2025-06-12T17:15:08","slug":"pansky-prsten-strieborny-onyx-lebky-memori-mento","status":"publish","type":"product","link":"https:\/\/thesilverings.com\/sk\/obchod\/prstene-s-kamenmi\/onyx\/pansky-prsten-strieborny-onyx-lebky-memori-mento\/","title":{"rendered":"Prste\u0148 mu\u017e signet ring striebro onyx kame\u0148 lebky memori mento"},"content":{"rendered":"<h2>\ud83d\udd25 PRSTE\u0147 MU\u017dSK\u00dd SIGNET RING STRIEBORN\u00dd KAME\u0147 ONYX LEBKY MEMORI MENTO<\/h2>\n<p>Dajte vynikn\u00fa\u0165 svojej vn\u00fatornej sile a osobitosti s t\u00fdmto mu\u017en\u00fdm prste\u0148om zo striebra 925 a \u010diernym kame\u0148om \u00f3nyxom. Doplnok, ktor\u00fd sp\u00e1ja mu\u017enos\u0165 a \u0161t\u00fdl s n\u00e1dychom odvahy.<\/p>\n<ul>\n<li>\ud83d\udc8e <strong>Jedine\u010dn\u00fd dizajn<\/strong> Ka\u017ed\u00fd prste\u0148 je vyrez\u00e1van\u00fd s prec\u00edznymi detailmi, ktor\u00e9 predstavuj\u00fa lebky, symbol sily a odvahy.<\/li>\n<li>\ud83c\udf1f <strong>Vynikaj\u00faca kvalita<\/strong> Striebro 925 a prav\u00fd kame\u0148 onyx pre bezkonkuren\u010dn\u00fa trvanlivos\u0165 a lesk.<\/li>\n<li>\ud83c\udfcb\ufe0f <strong>Podporuje mu\u017enos\u0165<\/strong> Navrhnut\u00e9 pre modern\u00e9ho mu\u017ea, ktor\u00fd si plne uvedomuje svoju mu\u017enos\u0165.<\/li>\n<li>\ud83c\udfa9 <strong>Univerz\u00e1lny m\u00f3dny doplnok<\/strong> Perfektne sa hod\u00ed na sl\u00e1vnostn\u00e9 pr\u00edle\u017eitosti aj na neform\u00e1lne v\u00fdlety.<\/li>\n<li>\ud83d\udc4c <strong>Optim\u00e1lny komfort<\/strong> Ergonomicky prisp\u00f4soben\u00e9 na ka\u017edodenn\u00e9 nosenie bez nepohodlia.<\/li>\n<li>\ud83c\udf81 <strong>Ide\u00e1lny n\u00e1pad na dar\u010dek<\/strong> Nezabudnute\u013en\u00fd dar\u010dek pre milovan\u00fa osobu, ktor\u00e1 si cen\u00ed jedine\u010dnos\u0165 a kvalitu.<\/li>\n<\/ul>\n<h3>Pre\u010do si vybra\u0165 Bague homme chevali\u00e8re argent pierre onyx t\u00eates de mort memori mento?<\/h3>\n<p>\ud83d\udd12 <strong>Poistn\u00e1 hodnota<\/strong> Investujte do \u0161perku, ktor\u00fd \u010dasom z\u00edska emocion\u00e1lnu a \u0161t\u00fdlov\u00fa hodnotu.<\/p>\n<p>\ud83d\udcaa <strong>Vyjadrite svoju mu\u017enos\u0165<\/strong> Vy\u010dnievajte z davu so \u0161perkom, ktor\u00fd odr\u00e1\u017ea va\u0161u silu a nez\u00e1vislos\u0165.<\/p>\n<p>\ud83d\udc4d <strong>Z\u00e1ruka spokojnosti<\/strong> Ver\u00edme v n\u00e1\u0161 produkt a v\u0161etk\u00fdm na\u0161im z\u00e1kazn\u00edkom poskytujeme z\u00e1ruku spokojnosti.<\/p>\n<p><strong>Nezme\u0161kajte t\u00fato jedine\u010dn\u00fa pr\u00edle\u017eitos\u0165<\/strong> vlastni\u0165 pozoruhodn\u00fd k\u00fasok, ktor\u00fd odv\u00e1\u017ene vypoved\u00e1 o va\u0161ej osobnosti. \u23f0 <strong>Obmedzen\u00e9 z\u00e1soby<\/strong> - K\u00fapou si zaru\u010d\u00edte svoju k\u00f3piu!<\/p>","protected":false},"excerpt":{"rendered":"<p>\ud83d\udd25 P\u00c1NSKY PRSTEN STRIEBORN\u00dd ONYXOV\u00dd KAME\u0147 DEAD HEAD MEMORI MENTO Nechajte vynikn\u00fa\u0165 svoju vn\u00fatorn\u00fa silu a osobitos\u0165 s t\u00fdmto p\u00e1nskym prste\u0148om zo striebra 925 a \u010diernym kame\u0148om \u00f3nyxom. Ide o doplnok, ktor\u00fd ... <\/p>\n<p class=\"read-more-container\"><a title=\"Prste\u0148 mu\u017e signet ring striebro onyx kame\u0148 lebky memori mento\" class=\"read-more button\" href=\"https:\/\/thesilverings.com\/sk\/obchod\/prstene-s-kamenmi\/onyx\/pansky-prsten-strieborny-onyx-lebky-memori-mento\/#more-1186\" aria-label=\"Pre\u010d\u00edtajte si viac o Ring man signet ring silver onyx stone skulls memori mento\">Pre\u010d\u00edtajte si viac<\/a><\/p>","protected":false},"featured_media":1214,"comment_status":"closed","ping_status":"closed","template":"","meta":[],"product_brand":[],"product_cat":[41,26,27,28,46,29,42],"product_tag":[],"class_list":{"0":"post-1186","1":"product","2":"type-product","3":"status-publish","4":"has-post-thumbnail","6":"product_cat-bagues-avec-pierres","7":"product_cat-bagues-fantaisies","8":"product_cat-chevalieres","9":"product_cat-chevalieres-argent","10":"product_cat-onyx","11":"product_cat-symboles","12":"product_cat-tete-de-mort","13":"sales-flash-overlay","14":"woocommerce-text-align-left","15":"woocommerce-image-align-center","16":"do-quantity-buttons","17":"wc-has-gallery","19":"first","20":"instock","21":"sale","22":"shipping-taxable","23":"purchasable","24":"product-type-variable"},"_links":{"self":[{"href":"https:\/\/thesilverings.com\/sk\/wp-json\/wp\/v2\/product\/1186","targetHints":{"allow":["GET"]}}],"collection":[{"href":"https:\/\/thesilverings.com\/sk\/wp-json\/wp\/v2\/product"}],"about":[{"href":"https:\/\/thesilverings.com\/sk\/wp-json\/wp\/v2\/types\/product"}],"replies":[{"embeddable":true,"href":"https:\/\/thesilverings.com\/sk\/wp-json\/wp\/v2\/comments?post=1186"}],"wp:featuredmedia":[{"embeddable":true,"href":"https:\/\/thesilverings.com\/sk\/wp-json\/wp\/v2\/media\/1214"}],"wp:attachment":[{"href":"https:\/\/thesilverings.com\/sk\/wp-json\/wp\/v2\/media?parent=1186"}],"wp:term":[{"taxonomy":"product_brand","embeddable":true,"href":"https:\/\/thesilverings.com\/sk\/wp-json\/wp\/v2\/product_brand?post=1186"},{"taxonomy":"product_cat","embeddable":true,"href":"https:\/\/thesilverings.com\/sk\/wp-json\/wp\/v2\/product_cat?post=1186"},{"taxonomy":"product_tag","embeddable":true,"href":"https:\/\/thesilverings.com\/sk\/wp-json\/wp\/v2\/product_tag?post=1186"}],"curies":[{"name":"wp","href":"https:\/\/api.w.org\/{rel}","templated":true}]}}