{"id":1075,"date":"2025-06-11T13:32:43","date_gmt":"2025-06-11T13:32:43","guid":{"rendered":"https:\/\/thesilverings.com\/?post_type=product&#038;p=1075"},"modified":"2025-06-12T17:15:06","modified_gmt":"2025-06-12T17:15:06","slug":"cista-lebka-kyklopa-strieborny-prsten","status":"publish","type":"product","link":"https:\/\/thesilverings.com\/sk\/obchod\/modne-prstene\/lebka-a-skrizene-kosti\/cista-lebka-kyklopa-strieborny-prsten\/","title":{"rendered":"\u010cist\u00e1 lebka kyklopa strieborn\u00fd prste\u0148"},"content":{"rendered":"<h2>\ud83d\udd25 P\u00c1NSKY PRSTE\u0147 Z \u010cIST\u00c9HO STRIEBRA 925 S LEBKOU KYKLOPA<\/h2>\n<p>Odv\u00e1\u017ene vy\u010dnievajte z davu a podporte svoju mu\u017enos\u0165 s na\u0161imi <strong>\u010cist\u00e1 lebka kyklopa strieborn\u00fd prste\u0148<\/strong>. Navrhnut\u00e9 pre modern\u00e9ho mu\u017ea, ktor\u00fd plne uzn\u00e1va svoju silu a individualitu.<\/p>\n<ul>\n<li>\ud83d\udc4a <strong>Jedine\u010dn\u00fd dizajn<\/strong> P\u00f4sobiv\u00e1 lebka kyklopa, ktor\u00e1 vytv\u00e1ra nezabudnute\u013en\u00fd dojem.<\/li>\n<li>\ud83d\udcaa <strong>Striebro 925<\/strong> : Nielen robustn\u00e9, ale aj elegantn\u00e9, \u010do zaru\u010duje dlh\u00fa \u017eivotnos\u0165.<\/li>\n<li>\ud83d\ude80 <strong>Mu\u017en\u00fd \u0161t\u00fdl<\/strong> Ide\u00e1lne na ka\u017edodenn\u00e9 potvrdzovanie svojej mu\u017enej a neboj\u00e1cnej povahy.<\/li>\n<li>\ud83d\udc41\ufe0f <strong>Starostliv\u00e9 detaily<\/strong> Ka\u017ed\u00fd detail je starostlivo prepracovan\u00fd, aby bol dokonal\u00fd a podmaniv\u00fd.<\/li>\n<li>\ud83d\udee1\ufe0f <strong>V\u0161estrannos\u0165<\/strong> : Vhodn\u00e9 pre v\u0161etky va\u0161e outfity, od le\u017e\u00e9rneho vzh\u013eadu a\u017e po form\u00e1lnej\u0161\u00ed ve\u010dern\u00fd odev.<\/li>\n<li>\u231a <strong>Optim\u00e1lne pohodlie<\/strong> Navrhnut\u00e9 na celodenn\u00e9 nosenie bez nepohodlia, dokonale sa prisp\u00f4sobia v\u00e1\u0161mu prstu.<\/li>\n<\/ul>\n<h2>Pre\u010do si vybra\u0165 strieborn\u00fd prste\u0148 s \u010distou lebkou kyklopa?<\/h2>\n<p><strong>Z\u00e1v\u00e4zok kvality<\/strong> Na\u0161e prstene s\u00fa vyroben\u00e9 z najkvalitnej\u0161ieho striebra 925, ktor\u00e9 zaru\u010duje dlhotrvaj\u00facu pevnos\u0165 a lesk.<\/p>\n<p><strong>Sebavyjadrenie<\/strong> Tento prste\u0148 nie je len \u0161perkom, ale aj prejavom v\u00e1\u0161ho slobodn\u00e9ho a odv\u00e1\u017eneho ducha.<\/p>\n<p><strong>Z\u00e1ruka vr\u00e1tenia pe\u0148az\u00ed<\/strong> Pri k\u00fape neriskujete, m\u00e1te 30 dn\u00ed na otestovanie n\u00e1kupu a rozhodnutie.<\/p>\n<p>Nenechajte si ujs\u0165 tento v\u00fdnimo\u010dn\u00fd k\u00fasok, <strong>najvy\u0161\u0161\u00ed prejav mu\u017enosti<\/strong>. Limitovan\u00e9 z\u00e1soby a vz\u00e1cny dizajn robia z tohto prste\u0148a nevyhnutnos\u0165 pre ka\u017ed\u00e9ho, kto chce vynikn\u00fa\u0165 z davu. <strong>Pridajte si ju do zbierky sk\u00f4r, ako zmizne<\/strong> ! \ud83d\udea8<\/p>","protected":false},"excerpt":{"rendered":"<p>\ud83d\udd25 Strieborn\u00fd prste\u0148 925 PURE SKULL CYCLOPE DEATH HEAD PRE MU\u017dOV Vyniknite odvahou a vyjadren\u00edm mu\u017enosti s na\u0161\u00edm strieborn\u00fdm prste\u0148om Pure Skull Cyclops. Navrhnut\u00fd pre modern\u00e9ho mu\u017ea, ktor\u00fd prij\u00edma ... <\/p>\n<p class=\"read-more-container\"><a title=\"\u010cist\u00e1 lebka kyklopa strieborn\u00fd prste\u0148\" class=\"read-more button\" href=\"https:\/\/thesilverings.com\/sk\/obchod\/modne-prstene\/lebka-a-skrizene-kosti\/cista-lebka-kyklopa-strieborny-prsten\/#more-1075\" aria-label=\"Pre\u010d\u00edtajte si viac o Pure skull cyclops ring silver\">Pre\u010d\u00edtajte si viac<\/a><\/p>","protected":false},"featured_media":1098,"comment_status":"closed","ping_status":"closed","template":"","meta":[],"product_brand":[],"product_cat":[41,26,42],"product_tag":[],"class_list":{"0":"post-1075","1":"product","2":"type-product","3":"status-publish","4":"has-post-thumbnail","6":"product_cat-bagues-avec-pierres","7":"product_cat-bagues-fantaisies","8":"product_cat-tete-de-mort","9":"sales-flash-overlay","10":"woocommerce-text-align-left","11":"woocommerce-image-align-center","12":"do-quantity-buttons","13":"wc-has-gallery","15":"first","16":"instock","17":"sale","18":"shipping-taxable","19":"purchasable","20":"product-type-variable"},"_links":{"self":[{"href":"https:\/\/thesilverings.com\/sk\/wp-json\/wp\/v2\/product\/1075","targetHints":{"allow":["GET"]}}],"collection":[{"href":"https:\/\/thesilverings.com\/sk\/wp-json\/wp\/v2\/product"}],"about":[{"href":"https:\/\/thesilverings.com\/sk\/wp-json\/wp\/v2\/types\/product"}],"replies":[{"embeddable":true,"href":"https:\/\/thesilverings.com\/sk\/wp-json\/wp\/v2\/comments?post=1075"}],"wp:featuredmedia":[{"embeddable":true,"href":"https:\/\/thesilverings.com\/sk\/wp-json\/wp\/v2\/media\/1098"}],"wp:attachment":[{"href":"https:\/\/thesilverings.com\/sk\/wp-json\/wp\/v2\/media?parent=1075"}],"wp:term":[{"taxonomy":"product_brand","embeddable":true,"href":"https:\/\/thesilverings.com\/sk\/wp-json\/wp\/v2\/product_brand?post=1075"},{"taxonomy":"product_cat","embeddable":true,"href":"https:\/\/thesilverings.com\/sk\/wp-json\/wp\/v2\/product_cat?post=1075"},{"taxonomy":"product_tag","embeddable":true,"href":"https:\/\/thesilverings.com\/sk\/wp-json\/wp\/v2\/product_tag?post=1075"}],"curies":[{"name":"wp","href":"https:\/\/api.w.org\/{rel}","templated":true}]}}