{"id":1010,"date":"2025-06-11T13:32:05","date_gmt":"2025-06-11T13:32:05","guid":{"rendered":"https:\/\/thesilverings.com\/?post_type=product&#038;p=1010"},"modified":"2025-06-12T17:15:04","modified_gmt":"2025-06-12T17:15:04","slug":"pansky-pecatny-prsten-strieborna-namorna-kotva","status":"publish","type":"product","link":"https:\/\/thesilverings.com\/sk\/obchod\/rytieri\/strieborni-rytieri\/pansky-pecatny-prsten-strieborna-namorna-kotva\/","title":{"rendered":"P\u00e1nsky strieborn\u00fd prste\u0148 s kotvou"},"content":{"rendered":"<h2>\ud83d\udc8d OBJAVTE P\u00c1NSKY STRIEBORN\u00dd PRSTE\u0147 S KOTVOU - SILN\u00dd A ELEGANTN\u00dd<\/h2>\n<p>Vytvorte si vlastn\u00fd osobit\u00fd \u0161t\u00fdl s t\u00fdmto <strong>Strieborn\u00fd prste\u0148 925 pre mu\u017eov<\/strong>Prste\u0148, ktor\u00fd odr\u00e1\u017ea robustnos\u0165 aj n\u00e1morn\u00fa eleganciu. Tento prste\u0148 je ur\u010den\u00fd pre mu\u017eov, ktor\u00ed si ctia silu a slobodu, a je nevyhnutn\u00fdm doplnkom na potvrdenie v\u00e1\u0161ho charakteru.<\/p>\n<ul>\n<li>\u2693 <strong>Hlbok\u00e1 symbolika<\/strong>Morsk\u00e1 kotva, tradi\u010dn\u00fd symbol stability a bezpe\u010dnosti, dokonale odr\u00e1\u017ea va\u0161u vn\u00fatorn\u00fa silu a nez\u00e1visl\u00e9ho ducha.<\/li>\n<li>\ud83d\udd17 <strong>Vysoko kvalitn\u00e9 striebro 925<\/strong>Vyroben\u00e9 z najjemnej\u0161ieho striebra, ktor\u00e9 zaru\u010duje odolnos\u0165 a dlhotrvaj\u00faci lesk.<\/li>\n<li>\ud83d\udee0\ufe0f <strong>Vynikaj\u00face remeseln\u00e9 spracovanie<\/strong>Ka\u017ed\u00fd prste\u0148 je ru\u010dne vyrez\u00e1van\u00fd a pon\u00faka jedine\u010dn\u00fd dizajn a dokonal\u00fa kvalitu.<\/li>\n<li>\ud83c\udf0a <strong>Autentick\u00fd n\u00e1morn\u00fd dizajn<\/strong>Tento \u0161perk je ide\u00e1lny pre milovn\u00edkov mora a dobrodru\u017estiev v pr\u00edrode a vystihuje podstatu dobrodru\u017estva.<\/li>\n<li>\ud83c\udfc5 <strong>Prvok mu\u017enosti<\/strong>Posilnite svoj vzh\u013ead doplnkom, ktor\u00fd vy\u017earuje mu\u017enos\u0165 a odvahu.<\/li>\n<li>\ud83c\udf81 <strong>Ide\u00e1lny n\u00e1pad na dar\u010dek<\/strong>Darujte zmyslupln\u00fd, robustn\u00fd dar\u010dek, ktor\u00fd si budete v\u00e1\u017ei\u0165 dlh\u00e9 roky.<\/li>\n<\/ul>\n<h3>Pre\u010do si vybra\u0165 p\u00e1nsku strieborn\u00fa n\u00e1morn\u00fa kotvu Chevali\u00e8re?<\/h3>\n<p>V\u00fdber n\u00e1\u0161ho pe\u010datn\u00e9ho prste\u0148a nie je len vo\u013ebou \u0161t\u00fdlu, ale aj vyjadren\u00edm toho, kto ste:<\/p>\n<ul>\n<li>\ud83d\udee1\ufe0f <strong>Z\u00e1ruka kvality<\/strong>Na ka\u017ed\u00fd prste\u0148 sa vz\u0165ahuje z\u00e1ruka, ktor\u00e1 zaru\u010duje jeho kvalitu a trvanlivos\u0165.<\/li>\n<li>\u2b50 <strong>\u0160pecializovan\u00fd z\u00e1kazn\u00edcky servis<\/strong>N\u00e1\u0161 t\u00edm je v\u017edy pripraven\u00fd pom\u00f4c\u0165 v\u00e1m vybra\u0165 dokonal\u00e9 pr\u00edslu\u0161enstvo alebo vyrie\u0161i\u0165 ak\u00fdko\u013evek probl\u00e9m.<\/li>\n<li>\ud83d\udce6 <strong>R\u00fdchle a bezpe\u010dn\u00e9 doru\u010denie<\/strong>: Objedn\u00e1vku dostanete r\u00fdchlo a s istotou, \u017ee pr\u00edde v perfektnom stave.<\/li>\n<\/ul>\n<p>Nenechajte si ujs\u0165 pr\u00edle\u017eitos\u0165 vlastni\u0165 tento <strong>jedine\u010dn\u00fd strieborn\u00fd prste\u0148<\/strong>. <strong>K dispoz\u00edcii je obmedzen\u00e9 mno\u017estvo<\/strong> - objednajte si e\u0161te dnes, aby ste si zaru\u010dili svoj!<\/p>\n<p><strong>Konajte hne\u010f<\/strong> ! Kliknite sem a pridajte si tento exkluz\u00edvny k\u00fasok do svojej zbierky, k\u00fdm s\u00fa z\u00e1soby na sklade.<\/p>","protected":false},"excerpt":{"rendered":"<p>\ud83d\udc8d OBJAVTE N\u00c1MORN\u00cdCKY STRIBRN\u00dd PRSTEN - SILN\u00dd A ELEGANTN\u00dd Vytvorte si osobit\u00fd \u0161t\u00fdl s t\u00fdmto p\u00e1nskym prste\u0148om zo striebra 925, ktor\u00fd odr\u00e1\u017ea drsnos\u0165 aj n\u00e1morn\u00edcku eleganciu. Navrhnut\u00fd pre ... <\/p>\n<p class=\"read-more-container\"><a title=\"P\u00e1nsky strieborn\u00fd prste\u0148 s kotvou\" class=\"read-more button\" href=\"https:\/\/thesilverings.com\/sk\/obchod\/rytieri\/strieborni-rytieri\/pansky-pecatny-prsten-strieborna-namorna-kotva\/#more-1010\" aria-label=\"Pre\u010d\u00edtajte si viac o Chevali\u00e8re man anchor silver navy man\">Pre\u010d\u00edtajte si viac<\/a><\/p>","protected":false},"featured_media":1023,"comment_status":"closed","ping_status":"closed","template":"","meta":[],"product_brand":[],"product_cat":[26,27,28,29],"product_tag":[],"class_list":{"0":"post-1010","1":"product","2":"type-product","3":"status-publish","4":"has-post-thumbnail","6":"product_cat-bagues-fantaisies","7":"product_cat-chevalieres","8":"product_cat-chevalieres-argent","9":"product_cat-symboles","10":"sales-flash-overlay","11":"woocommerce-text-align-left","12":"woocommerce-image-align-center","13":"do-quantity-buttons","14":"wc-has-gallery","16":"first","17":"instock","18":"sale","19":"shipping-taxable","20":"purchasable","21":"product-type-variable"},"_links":{"self":[{"href":"https:\/\/thesilverings.com\/sk\/wp-json\/wp\/v2\/product\/1010","targetHints":{"allow":["GET"]}}],"collection":[{"href":"https:\/\/thesilverings.com\/sk\/wp-json\/wp\/v2\/product"}],"about":[{"href":"https:\/\/thesilverings.com\/sk\/wp-json\/wp\/v2\/types\/product"}],"replies":[{"embeddable":true,"href":"https:\/\/thesilverings.com\/sk\/wp-json\/wp\/v2\/comments?post=1010"}],"wp:featuredmedia":[{"embeddable":true,"href":"https:\/\/thesilverings.com\/sk\/wp-json\/wp\/v2\/media\/1023"}],"wp:attachment":[{"href":"https:\/\/thesilverings.com\/sk\/wp-json\/wp\/v2\/media?parent=1010"}],"wp:term":[{"taxonomy":"product_brand","embeddable":true,"href":"https:\/\/thesilverings.com\/sk\/wp-json\/wp\/v2\/product_brand?post=1010"},{"taxonomy":"product_cat","embeddable":true,"href":"https:\/\/thesilverings.com\/sk\/wp-json\/wp\/v2\/product_cat?post=1010"},{"taxonomy":"product_tag","embeddable":true,"href":"https:\/\/thesilverings.com\/sk\/wp-json\/wp\/v2\/product_tag?post=1010"}],"curies":[{"name":"wp","href":"https:\/\/api.w.org\/{rel}","templated":true}]}}