{"id":2116,"date":"2025-06-11T13:39:36","date_gmt":"2025-06-11T13:39:36","guid":{"rendered":"https:\/\/thesilverings.com\/?post_type=product&#038;p=2116"},"modified":"2025-06-12T17:15:19","modified_gmt":"2025-06-12T17:15:19","slug":"srebrny-pierscien-krolewski-tron","status":"publish","type":"product","link":"https:\/\/thesilverings.com\/pl\/sklep\/pierscionki-z-kamieniami\/onyks\/srebrny-pierscien-krolewski-tron\/","title":{"rendered":"Srebrny pier\u015bcie\u0144 z tronem kr\u00f3la"},"content":{"rendered":"<h2>SREBRNY PIER\u015aCIONEK M\u0118SKI Z TRONEM KR\u00d3LEWSKIM - SPRZYMIERZENIEC M\u0118SKO\u015aCI<\/h2>\n<p><strong>Doskona\u0142o\u015b\u0107 na wyci\u0105gni\u0119cie r\u0119ki.<\/strong> Odkryj pier\u015bcionek, kt\u00f3ry nie tylko upi\u0119ksza Twoj\u0105 d\u0142o\u0144, ale tak\u017ce symbolizuje Twoj\u0105 si\u0142\u0119 i kr\u00f3lewsk\u0105 postaw\u0119. Idealny dla tych, kt\u00f3rzy kochaj\u0105 odwa\u017cne projekty i siln\u0105 symbolik\u0119, ten pier\u015bcionek to prawdziwa m\u0119ska deklaracja.<\/p>\n<ul>\n<li>\ud83d\udd0d <strong>Unikalna konstrukcja<\/strong>Zainspirowany zbroj\u0105 wielkich cesarzy, ka\u017cdy szczeg\u00f3\u0142 srebrnego pier\u015bcionka \"King's Throne\" zosta\u0142 zaprojektowany tak, aby odzwierciedla\u0107 Twoj\u0105 odwag\u0119 i przyw\u00f3dztwo.<\/li>\n<li>\ud83c\udfc6 <strong>Gwarantowana czysto\u015b\u0107<\/strong>Wykonany ze srebra pr\u00f3by 925, nie tylko zapewnia trwa\u0142y blask, ale jest tak\u017ce symbolem czysto\u015bci i szlachetno\u015bci.<\/li>\n<li>\ud83d\udcaa <strong>Podkre\u015blona m\u0119sko\u015b\u0107<\/strong>Idealny do podkre\u015blenia swojej obecno\u015bci i wzmocnienia wizerunku samca alfa.<\/li>\n<li>\ud83e\udd35 <strong>Wzorowy komfort<\/strong>Zaprojektowany do codziennego noszenia bez dyskomfortu, jego ergonomiczny kszta\u0142t idealnie dopasowuje si\u0119 do palca.<\/li>\n<li>\ud83d\udd04 <strong>Wszechstronno\u015b\u0107<\/strong>Idealny na ka\u017cd\u0105 okazj\u0119, ten pier\u015bcionek b\u0119dzie Ci towarzyszy\u0142 podczas spotka\u0144 biznesowych i wypad\u00f3w z przyjaci\u00f3\u0142mi.<\/li>\n<li>\ud83d\udc4c <strong>Wysoka jako\u015b\u0107 wykonania<\/strong>Ka\u017cdy pier\u015bcionek jest precyzyjnie wykonany r\u0119cznie przez do\u015bwiadczonych rzemie\u015blnik\u00f3w, gwarantuj\u0105c bi\u017cuteri\u0119 tak wyj\u0105tkow\u0105 jak Ty.<\/li>\n<\/ul>\n<h3>Dlaczego warto wybra\u0107 Bague argent homme tr\u00f4ne du roi?<\/h3>\n<p>W \u015bwiecie, w kt\u00f3rym liczy si\u0119 ka\u017cdy szczeg\u00f3\u0142, wyb\u00f3r odpowiedniego <strong>Srebrny pier\u015bcie\u0144 z tronem kr\u00f3la<\/strong> oznacza wyb\u00f3r :<\/p>\n<ul>\n<li>\ud83d\udc8e <strong>Na wy\u0142\u0105czno\u015b\u0107<\/strong>Posiadanie bi\u017cuterii, kt\u00f3ra wyr\u00f3\u017cnia si\u0119 na tle innych pod wzgl\u0119dem wzornictwa i jako\u015bci.<\/li>\n<li>\ud83d\udd90\ufe0f <strong>Niezawodno\u015b\u0107<\/strong>Dokonaj trwa\u0142ego zakupu z pier\u015bcionkiem zaprojektowanym tak, aby przetrwa\u0142 pr\u00f3b\u0119 czasu.<\/li>\n<li>\ud83c\udf81 <strong>Przedstawiamy Luxe<\/strong>Pier\u015bcionek otrzymasz w eleganckim pude\u0142ku prezentowym, gotowym do wr\u0119czenia jako prezent lub dodania do osobistej kolekcji.<\/li>\n<\/ul>\n<p><strong>Gotowy, by rz\u0105dzi\u0107 swoim \u015bwiatem ze stylem i pewno\u015bci\u0105 siebie?<\/strong> Nie przegap tego rzadkiego i pot\u0119\u017cnego dzie\u0142a. <strong>Ograniczone zapasy<\/strong> - Z\u0142\u00f3\u017c zam\u00f3wienie szybko, aby mie\u0107 gwarancj\u0119, \u017ce ten pier\u015bcionek zago\u015bci na Twojej d\u0142oni! <strong><a href=\"URL-DE-LA-BAGUE\">Kup teraz!<\/a><\/strong><\/p>","protected":false},"excerpt":{"rendered":"<p>\ud83d\udc51 KING'S THRONE MEN'S SILVER RING - PRZYJACIEL TWOJEJ WIRYLNO\u015aCI Doskona\u0142o\u015b\u0107 na wyci\u0105gni\u0119cie r\u0119ki. Odkryj pier\u015bcionek, kt\u00f3ry nie tylko zdobi Twoj\u0105 d\u0142o\u0144, ale tak\u017ce symbolizuje Twoj\u0105 si\u0142\u0119 i ... <\/p>\n<p class=\"read-more-container\"><a title=\"Srebrny pier\u015bcie\u0144 z tronem kr\u00f3la\" class=\"read-more button\" href=\"https:\/\/thesilverings.com\/pl\/sklep\/pierscionki-z-kamieniami\/onyks\/srebrny-pierscien-krolewski-tron\/#more-2116\" aria-label=\"Wi\u0119cej informacji o srebrnym pier\u015bcieniu z tronem kr\u00f3la\">Czytaj dalej<\/a><\/p>","protected":false},"featured_media":2144,"comment_status":"closed","ping_status":"closed","template":"","meta":[],"product_brand":[],"product_cat":[27,28,49,46],"product_tag":[],"class_list":{"0":"post-2116","1":"product","2":"type-product","3":"status-publish","4":"has-post-thumbnail","6":"product_cat-chevalieres","7":"product_cat-chevalieres-argent","8":"product_cat-oeil-de-tigre","9":"product_cat-onyx","10":"sales-flash-overlay","11":"woocommerce-text-align-left","12":"woocommerce-image-align-center","13":"do-quantity-buttons","15":"first","16":"instock","17":"sale","18":"shipping-taxable","19":"purchasable","20":"product-type-variable","21":"has-default-attributes"},"_links":{"self":[{"href":"https:\/\/thesilverings.com\/pl\/wp-json\/wp\/v2\/product\/2116","targetHints":{"allow":["GET"]}}],"collection":[{"href":"https:\/\/thesilverings.com\/pl\/wp-json\/wp\/v2\/product"}],"about":[{"href":"https:\/\/thesilverings.com\/pl\/wp-json\/wp\/v2\/types\/product"}],"replies":[{"embeddable":true,"href":"https:\/\/thesilverings.com\/pl\/wp-json\/wp\/v2\/comments?post=2116"}],"wp:featuredmedia":[{"embeddable":true,"href":"https:\/\/thesilverings.com\/pl\/wp-json\/wp\/v2\/media\/2144"}],"wp:attachment":[{"href":"https:\/\/thesilverings.com\/pl\/wp-json\/wp\/v2\/media?parent=2116"}],"wp:term":[{"taxonomy":"product_brand","embeddable":true,"href":"https:\/\/thesilverings.com\/pl\/wp-json\/wp\/v2\/product_brand?post=2116"},{"taxonomy":"product_cat","embeddable":true,"href":"https:\/\/thesilverings.com\/pl\/wp-json\/wp\/v2\/product_cat?post=2116"},{"taxonomy":"product_tag","embeddable":true,"href":"https:\/\/thesilverings.com\/pl\/wp-json\/wp\/v2\/product_tag?post=2116"}],"curies":[{"name":"wp","href":"https:\/\/api.w.org\/{rel}","templated":true}]}}