{"id":1768,"date":"2025-06-11T13:37:37","date_gmt":"2025-06-11T13:37:37","guid":{"rendered":"https:\/\/thesilverings.com\/?post_type=product&#038;p=1768"},"modified":"2025-06-12T17:15:15","modified_gmt":"2025-06-12T17:15:15","slug":"enigmatyczny-srebrny-sygnet-meski","status":"publish","type":"product","link":"https:\/\/thesilverings.com\/pl\/sklep\/pierscionki-z-kamieniami\/onyks\/enigmatyczny-srebrny-sygnet-meski\/","title":{"rendered":"Enigmatyczny sygnet m\u0119ski ze srebra"},"content":{"rendered":"<h2>PIER\u015aCIONEK SYGNET M\u0118SKI ENIGMATYCZNE SREBRO 925<\/h2>\n<p>Podnie\u015b sw\u00f3j styl odrobin\u0105 tajemniczo\u015bci i m\u0119sko\u015bci. Srebrny pier\u015bcionek \u00c9nigmatique Homme Chevali\u00e8re uosabia esencj\u0119 m\u0119skiej si\u0142y i ponadczasowego uroku.<\/p>\n<ul>\n<li>\ud83d\udc4a <strong>Solidny i m\u0119ski:<\/strong> Wykonany ze srebra pr\u00f3by 925 pier\u015bcionek zosta\u0142 zaprojektowany tak, aby przetrwa\u0107 pr\u00f3b\u0119 czasu i odzwierciedla\u0107 wewn\u0119trzn\u0105 si\u0142\u0119 u\u017cytkownika.<\/li>\n<li>\ud83c\udf1f <strong>Enigmatyczny design:<\/strong> Ka\u017cdy szczeg\u00f3\u0142 sygnetu zosta\u0142 zaprojektowany tak, aby przyci\u0105ga\u0107 i wzbudza\u0107 podziw, idealny dla m\u0119\u017cczyzny, kt\u00f3ry chce wyr\u00f3\u017cnia\u0107 si\u0119 z t\u0142umu.<\/li>\n<li>\ud83d\udccf <strong>Idealne dopasowanie:<\/strong> Dost\u0119pne w r\u00f3\u017cnych rozmiarach dla optymalnego komfortu przez ca\u0142y dzie\u0144.<\/li>\n<li>\ud83d\udc41\ufe0f <strong>Radiance Trwa\u0142o\u015b\u0107:<\/strong> Srebro pr\u00f3by 925 nie utlenia si\u0119 \u0142atwo i zachowuje sw\u00f3j po\u0142ysk, zapewniaj\u0105c, \u017ce pier\u015bcionek pozostanie tak urzekaj\u0105cy jak Twoja osobowo\u015b\u0107.<\/li>\n<li>\ud83c\udf81 <strong>Idealny na prezent:<\/strong> Starannie zapakowany w eleganckie pude\u0142ko, ten pier\u015bcionek jest idealnym prezentem dla ka\u017cdego m\u0119\u017cczyzny, kt\u00f3ry jest pewny siebie.<\/li>\n<li>\ud83d\udce6 <strong>Bezpieczna dostawa:<\/strong> Dbamy o to, aby dostarczy\u0107 pier\u015bcionek szybko i bezpiecznie, prosto pod Twoje drzwi.<\/li>\n<\/ul>\n<h2>Dlaczego warto wybra\u0107 m\u0119ski srebrny pier\u015bcionek Chevali\u00e8re marki \u00c9nigmatique?<\/h2>\n<p>Niezale\u017cnie od tego, czy wybierasz si\u0119 na oficjalne wydarzenie, czy te\u017c chcesz doda\u0107 odrobin\u0119 wyrafinowania do swojego codziennego stroju, ten pier\u015bcionek jest idealnym towarzyszem. Oto dlaczego:<\/p>\n<ul>\n<li>\ud83d\udcaa <strong>Podkre\u015bl swoj\u0105 m\u0119sko\u015b\u0107:<\/strong> Zaprojektowany, aby uzupe\u0142nia\u0107 i podkre\u015bla\u0107 m\u0119sk\u0105 natur\u0119, ten pier\u015bcie\u0144 jest czym\u015b wi\u0119cej ni\u017c tylko dodatkiem, to deklaracja stylu.<\/li>\n<li>\ud83d\udd12 <strong>Zr\u00f3wnowa\u017cone inwestycje:<\/strong> Inwestowanie w bi\u017cuteri\u0119 ze srebra pr\u00f3by 925 oznacza wyb\u00f3r metalu szlachetnego, kt\u00f3ry z czasem zyskuje na warto\u015bci i patynie.<\/li>\n<li>\ud83d\udc51 <strong>Satysfakcja gwarantowana:<\/strong> Jeste\u015bmy pewni, \u017ce pokochasz sw\u00f3j nowy pier\u015bcionek, ale je\u015bli z jakiego\u015b powodu nie b\u0119dziesz z niego zadowolony, nasz zesp\u00f3\u0142 obs\u0142ugi klienta jest tutaj, aby Ci pom\u00f3c.<\/li>\n<\/ul>\n<p>\ud83d\udd25 <strong>Nie przegap swojej szansy na posiadanie tego wyj\u0105tkowego egzemplarza.<\/strong> Zapasy s\u0105 ograniczone, a popyt wysoki. Zam\u00f3w teraz, aby mie\u0107 pewno\u015b\u0107, \u017ce ten wyj\u0105tkowy pier\u015bcionek stanie si\u0119 cz\u0119\u015bci\u0105 Twojej kolekcji!<\/p>","protected":false},"excerpt":{"rendered":"<p>BAGUE CHEVALI\u00c8RE HOMME \u00c9NIGMATIQUE ARGENT 925 Podnie\u015b sw\u00f3j styl odrobin\u0105 tajemniczo\u015bci i m\u0119sko\u015bci. Srebrny pier\u015bcionek \u00c9nigmatique Homme Chevali\u00e8re uosabia esencj\u0119 m\u0119skiej si\u0142y i ponadczasowego uroku. \ud83d\udc4a ... <\/p>\n<p class=\"read-more-container\"><a title=\"Enigmatyczny sygnet m\u0119ski ze srebra\" class=\"read-more button\" href=\"https:\/\/thesilverings.com\/pl\/sklep\/pierscionki-z-kamieniami\/onyks\/enigmatyczny-srebrny-sygnet-meski\/#more-1768\" aria-label=\"Czytaj wi\u0119cej o Enigmatyczny sygnet m\u0119ski ze srebra\">Czytaj dalej<\/a><\/p>","protected":false},"featured_media":1777,"comment_status":"closed","ping_status":"closed","template":"","meta":[],"product_brand":[],"product_cat":[41,27,28,49,46],"product_tag":[],"class_list":{"0":"post-1768","1":"product","2":"type-product","3":"status-publish","4":"has-post-thumbnail","6":"product_cat-bagues-avec-pierres","7":"product_cat-chevalieres","8":"product_cat-chevalieres-argent","9":"product_cat-oeil-de-tigre","10":"product_cat-onyx","11":"sales-flash-overlay","12":"woocommerce-text-align-left","13":"woocommerce-image-align-center","14":"do-quantity-buttons","16":"first","17":"instock","18":"sale","19":"shipping-taxable","20":"purchasable","21":"product-type-variable","22":"has-default-attributes"},"_links":{"self":[{"href":"https:\/\/thesilverings.com\/pl\/wp-json\/wp\/v2\/product\/1768","targetHints":{"allow":["GET"]}}],"collection":[{"href":"https:\/\/thesilverings.com\/pl\/wp-json\/wp\/v2\/product"}],"about":[{"href":"https:\/\/thesilverings.com\/pl\/wp-json\/wp\/v2\/types\/product"}],"replies":[{"embeddable":true,"href":"https:\/\/thesilverings.com\/pl\/wp-json\/wp\/v2\/comments?post=1768"}],"wp:featuredmedia":[{"embeddable":true,"href":"https:\/\/thesilverings.com\/pl\/wp-json\/wp\/v2\/media\/1777"}],"wp:attachment":[{"href":"https:\/\/thesilverings.com\/pl\/wp-json\/wp\/v2\/media?parent=1768"}],"wp:term":[{"taxonomy":"product_brand","embeddable":true,"href":"https:\/\/thesilverings.com\/pl\/wp-json\/wp\/v2\/product_brand?post=1768"},{"taxonomy":"product_cat","embeddable":true,"href":"https:\/\/thesilverings.com\/pl\/wp-json\/wp\/v2\/product_cat?post=1768"},{"taxonomy":"product_tag","embeddable":true,"href":"https:\/\/thesilverings.com\/pl\/wp-json\/wp\/v2\/product_tag?post=1768"}],"curies":[{"name":"wp","href":"https:\/\/api.w.org\/{rel}","templated":true}]}}