{"id":1358,"date":"2025-06-11T13:35:09","date_gmt":"2025-06-11T13:35:09","guid":{"rendered":"https:\/\/thesilverings.com\/?post_type=product&#038;p=1358"},"modified":"2025-06-12T17:15:11","modified_gmt":"2025-06-12T17:15:11","slug":"srebrny-meski-pierscien-swiatynny","status":"publish","type":"product","link":"https:\/\/thesilverings.com\/pl\/sklep\/pierscionki-z-kamieniami\/onyks\/srebrny-meski-pierscien-swiatynny\/","title":{"rendered":"Srebrny m\u0119ski pier\u015bcie\u0144 \u015bwi\u0105tynny"},"content":{"rendered":"<h2>SREBRNY PIER\u015aCIONEK M\u0118SKI TEMPLE: SYMBOL M\u0118SKO\u015aCI I WYRAFINOWANIA<\/h2>\n<p><strong>Odkryj si\u0142\u0119 m\u0119sko\u015bci z naszym srebrnym pier\u015bcionkiem dla m\u0119\u017cczyzn Temple, klejnotem, kt\u00f3ry uosabia zar\u00f3wno si\u0142\u0119, jak i elegancj\u0119.<\/strong> Specjalnie zaprojektowany dla nowoczesnego m\u0119\u017cczyzny, kt\u00f3ry chce wyrazi\u0107 swoj\u0105 m\u0119sko\u015b\u0107 bez kompromis\u00f3w w kwestii stylu.<\/p>\n<ul>\n<li>\ud83d\udcaa <strong>Odwa\u017cny design<\/strong>Zainspirowany solidnymi strukturami staro\u017cytnych \u015bwi\u0105ty\u0144, pier\u015bcionek ten przywo\u0142uje na my\u015bl solidno\u015b\u0107 i wytrwa\u0142o\u015b\u0107.<\/li>\n<li>\ud83c\udf1f <strong>Srebro 925<\/strong>Wykonany z wysokiej jako\u015bci srebra, gwarantuj\u0105cego blask i trwa\u0142o\u015b\u0107.<\/li>\n<li>\ud83d\udc41\ufe0f <strong>Dopracowane szczeg\u00f3\u0142y<\/strong>Ka\u017cdy szczeg\u00f3\u0142 jest starannie wyrze\u017abiony, dzi\u0119ki czemu gotowy produkt jest nieskazitelny i pe\u0142en charakteru.<\/li>\n<li>\ud83d\udd96 <strong>Optymalny komfort<\/strong>Zaprojektowany do codziennego u\u017cytku, nie ogranicza ruch\u00f3w i dobrze le\u017cy na palcu przez ca\u0142y dzie\u0144.<\/li>\n<li>\ud83d\udee1\ufe0f <strong>Si\u0142a i m\u0119sko\u015b\u0107<\/strong>Akcesorium, kt\u00f3re wzmacnia wizerunek si\u0142y i pewno\u015bci siebie wsp\u00f3\u0142czesnego m\u0119\u017cczyzny.<\/li>\n<li>\ud83c\udf81 <strong>Idealny prezent<\/strong>Idealny prezent na specjaln\u0105 okazj\u0119, odzwierciedlaj\u0105cy nienaganny gust i odwag\u0119 nosz\u0105cego.<\/li>\n<\/ul>\n<h2>Dlaczego warto wybra\u0107 srebrny pier\u015bcionek m\u0119ski Temple?<\/h2>\n<p><strong>Gwarantowana jako\u015b\u0107<\/strong>Ka\u017cdy z naszych pier\u015bcionk\u00f3w przechodzi rygorystyczne testy, aby zapewni\u0107 nieskaziteln\u0105 jako\u015b\u0107 i pe\u0142n\u0105 satysfakcj\u0119.<\/p>\n<p><strong>Ponadczasowy styl<\/strong>Dzi\u0119ki ponadczasowemu wzornictwu pier\u015bcionek ten pozostaje modny rok po roku.<\/p>\n<p><strong>Zobowi\u0105zanie do doskona\u0142o\u015bci<\/strong>Naszym celem jest dostarczanie nie tylko bi\u017cuterii, ale tak\u017ce do\u015bwiadczenia, zwi\u0119kszaj\u0105c warto\u015b\u0107 ka\u017cdego klienta, kt\u00f3ry wybierze nasz\u0105 mark\u0119.<\/p>\n<p><strong>Nie przegap okazji, by wyr\u00f3\u017cni\u0107 si\u0119 z t\u0142umu.<\/strong>. Srebrny pier\u015bcionek m\u0119ski Temple jest produkowany w ograniczonych ilo\u015bciach, aby zachowa\u0107 jego ekskluzywno\u015b\u0107. <strong>Kup ju\u017c dzi\u015b i do\u015bwiadcz prawdziwej m\u0119sko\u015bci<\/strong>!<\/p>","protected":false},"excerpt":{"rendered":"<p>SREBRNY PIER\u015aCIONEK M\u0118SKI TEMPLE: SYMBOL WIARYGODNO\u015aCI I WYRAFINOWANIA Odkryj si\u0142\u0119 m\u0119sko\u015bci z naszym srebrnym pier\u015bcionkiem m\u0119skim Temple, bi\u017cuteri\u0105, kt\u00f3ra uosabia zar\u00f3wno si\u0142\u0119, jak i elegancj\u0119. Zaprojektowany ... <\/p>\n<p class=\"read-more-container\"><a title=\"Srebrny m\u0119ski pier\u015bcie\u0144 \u015bwi\u0105tynny\" class=\"read-more button\" href=\"https:\/\/thesilverings.com\/pl\/sklep\/pierscionki-z-kamieniami\/onyks\/srebrny-meski-pierscien-swiatynny\/#more-1358\" aria-label=\"Wi\u0119cej informacji o srebrnym pier\u015bcieniu Temple Man\">Czytaj dalej<\/a><\/p>","protected":false},"featured_media":1376,"comment_status":"closed","ping_status":"closed","template":"","meta":[],"product_brand":[],"product_cat":[41,27,28,48,49,46,50],"product_tag":[],"class_list":{"0":"post-1358","1":"product","2":"type-product","3":"status-publish","4":"has-post-thumbnail","6":"product_cat-bagues-avec-pierres","7":"product_cat-chevalieres","8":"product_cat-chevalieres-argent","9":"product_cat-malachite","10":"product_cat-oeil-de-tigre","11":"product_cat-onyx","12":"product_cat-turquoises","13":"sales-flash-overlay","14":"woocommerce-text-align-left","15":"woocommerce-image-align-center","16":"do-quantity-buttons","18":"first","19":"instock","20":"sale","21":"shipping-taxable","22":"purchasable","23":"product-type-variable","24":"has-default-attributes"},"_links":{"self":[{"href":"https:\/\/thesilverings.com\/pl\/wp-json\/wp\/v2\/product\/1358","targetHints":{"allow":["GET"]}}],"collection":[{"href":"https:\/\/thesilverings.com\/pl\/wp-json\/wp\/v2\/product"}],"about":[{"href":"https:\/\/thesilverings.com\/pl\/wp-json\/wp\/v2\/types\/product"}],"replies":[{"embeddable":true,"href":"https:\/\/thesilverings.com\/pl\/wp-json\/wp\/v2\/comments?post=1358"}],"wp:featuredmedia":[{"embeddable":true,"href":"https:\/\/thesilverings.com\/pl\/wp-json\/wp\/v2\/media\/1376"}],"wp:attachment":[{"href":"https:\/\/thesilverings.com\/pl\/wp-json\/wp\/v2\/media?parent=1358"}],"wp:term":[{"taxonomy":"product_brand","embeddable":true,"href":"https:\/\/thesilverings.com\/pl\/wp-json\/wp\/v2\/product_brand?post=1358"},{"taxonomy":"product_cat","embeddable":true,"href":"https:\/\/thesilverings.com\/pl\/wp-json\/wp\/v2\/product_cat?post=1358"},{"taxonomy":"product_tag","embeddable":true,"href":"https:\/\/thesilverings.com\/pl\/wp-json\/wp\/v2\/product_tag?post=1358"}],"curies":[{"name":"wp","href":"https:\/\/api.w.org\/{rel}","templated":true}]}}