{"id":1349,"date":"2025-06-11T13:35:08","date_gmt":"2025-06-11T13:35:08","guid":{"rendered":"https:\/\/thesilverings.com\/?post_type=product&#038;p=1349"},"modified":"2025-06-12T17:15:11","modified_gmt":"2025-06-12T17:15:11","slug":"srebrny-pierscionek-z-plonaca-czaszka-dla-mezczyzn","status":"publish","type":"product","link":"https:\/\/thesilverings.com\/pl\/sklep\/fantazyjne-pierscienie\/czaszka-i-krzyz\/srebrny-pierscionek-z-plonaca-czaszka-dla-mezczyzn\/","title":{"rendered":"M\u0119ski pier\u015bcionek z p\u0142on\u0105c\u0105 czaszk\u0105 w kolorze srebrnym"},"content":{"rendered":"<h2>SREBRNY PIER\u015aCIONEK Z P\u0141ON\u0104C\u0104 CZASZK\u0104 PR\u00d3BY 925 DLA M\u0118\u017bCZYZN: SYMBOL SI\u0141Y I ODWAGI<\/h2>\n<p>Wyra\u017a sw\u00f3j nieustraszony charakter i unikalny styl dzi\u0119ki naszemu krzykliwemu srebrnemu pier\u015bcionkowi z czaszk\u0105 dla m\u0119\u017cczyzn. Stworzony dla m\u0119\u017cczyzn, kt\u00f3rzy poprzez swoje wybory modowe podkre\u015blaj\u0105 swoj\u0105 m\u0119sko\u015b\u0107 i oryginalno\u015b\u0107.<\/p>\n<ul>\n<li>\ud83d\udc80 <strong>Odwa\u017cny design<\/strong> Imponuj\u0105ca czaszka z p\u0142omieniami symbolizuje odwag\u0119 i wewn\u0119trzn\u0105 si\u0142\u0119.<\/li>\n<li>\ud83c\udf1f <strong>Wysokiej jako\u015bci srebro 925<\/strong> Nie tylko d\u0142ugotrwa\u0142y, ale tak\u017ce idealny dla os\u00f3b o wra\u017cliwej sk\u00f3rze.<\/li>\n<li>\ud83d\udc4a <strong>Nienaganne wyko\u0144czenie<\/strong> Ka\u017cdy pier\u015bcionek jest wypolerowany do niezr\u00f3wnanego po\u0142ysku, kt\u00f3ry przyci\u0105ga podziw.<\/li>\n<li>\ud83d\udcd0 <strong>Regulowana talia<\/strong> Idealnie dopasowane dla absolutnego komfortu, odpowiednie dla wszystkich palc\u00f3w.<\/li>\n<li>\ud83c\udfc6 <strong>Akcesorium m\u0119sko\u015bci<\/strong> Wzmocnij sw\u00f3j wizerunek samca alfa bi\u017cuteri\u0105, kt\u00f3ra emanuje testosteronem.<\/li>\n<li>\ud83d\udc41\ufe0f <strong>Element konwersacji<\/strong> Niezawodny spos\u00f3b na przyci\u0105gni\u0119cie uwagi i wywo\u0142anie dyskusji, idealny do zrobienia trwa\u0142ego wra\u017cenia.<\/li>\n<li>\ud83d\udee1\ufe0f <strong>Gwarantowana trwa\u0142o\u015b\u0107<\/strong> D\u0142ugoterminowa inwestycja dzi\u0119ki wyj\u0105tkowej wytrzyma\u0142o\u015bci.<\/li>\n<\/ul>\n<h2>DLACZEGO WARTO WYBRA\u0106 EKSTRAWAGANCKI SREBRNY PIER\u015aCIONEK Z CZASZK\u0104 DLA M\u0118\u017bCZYZN?<\/h2>\n<p>Oto trzy niepodwa\u017calne powody:<\/p>\n<ul>\n<li>\ud83d\udc51 <strong>Wyr\u00f3\u017cniony<\/strong> Wyr\u00f3\u017cnij si\u0119 z t\u0142umu dzi\u0119ki akcesorium, kt\u00f3re wyra\u017ca Twoj\u0105 \u015bmia\u0142o\u015b\u0107.<\/li>\n<li>\ud83d\uded2 <strong>Zapewniona jako\u015b\u0107<\/strong> Starannie wykonany ze srebra pr\u00f3by 925, szlachetnego materia\u0142u, kt\u00f3ry odzwierciedla wyrafinowany gust.<\/li>\n<li>\ud83d\udc8e <strong>Gwarancja satysfakcji<\/strong> Jeste\u015bmy zaanga\u017cowani w dostarczanie najlepszych produkt\u00f3w i jednoznaczn\u0105 obs\u0142ug\u0119 klienta.<\/li>\n<\/ul>\n<p>Nie przegap okazji, aby <strong>potwierdzi\u0107 swoj\u0105 si\u0142\u0119 i wyj\u0105tkowy urok<\/strong>. Kup teraz i do\u0142\u0105cz do ekskluzywnego klubu m\u0119\u017cczyzn, kt\u00f3rzy maj\u0105 odwag\u0119 wyrazi\u0107 swoj\u0105 osobowo\u015b\u0107 poprzez bi\u017cuteri\u0119 z charakterem. <strong>Ostrze\u017cenie<\/strong> Zapasy s\u0105 ograniczone, a popyt wysoki. Zam\u00f3w ju\u017c dzi\u015b, aby zagwarantowa\u0107 sobie pier\u015bcionek, zanim zostanie wyprzedany!<\/p>","protected":false},"excerpt":{"rendered":"<p>Pier\u015bcionek m\u0119ski 925 SREBRNA P\u0141ON\u0104CA CZASZKA: SYMBOL SI\u0141Y I SPOKOJU Wyra\u017a sw\u00f3j nieustraszony charakter i niepowtarzalny styl dzi\u0119ki naszemu srebrnemu pier\u015bcionkowi z p\u0142on\u0105c\u0105 czaszk\u0105. Stworzony dla m\u0119\u017cczyzn, kt\u00f3rzy ... <\/p>\n<p class=\"read-more-container\"><a title=\"M\u0119ski pier\u015bcionek z p\u0142on\u0105c\u0105 czaszk\u0105 w kolorze srebrnym\" class=\"read-more button\" href=\"https:\/\/thesilverings.com\/pl\/sklep\/fantazyjne-pierscienie\/czaszka-i-krzyz\/srebrny-pierscionek-z-plonaca-czaszka-dla-mezczyzn\/#more-1349\" aria-label=\"Czytaj wi\u0119cej o Srebrny pier\u015bcionek z p\u0142on\u0105c\u0105 czaszk\u0105 dla m\u0119\u017cczyzn\">Czytaj dalej<\/a><\/p>","protected":false},"featured_media":1371,"comment_status":"closed","ping_status":"closed","template":"","meta":[],"product_brand":[],"product_cat":[26,42],"product_tag":[],"class_list":{"0":"post-1349","1":"product","2":"type-product","3":"status-publish","4":"has-post-thumbnail","6":"product_cat-bagues-fantaisies","7":"product_cat-tete-de-mort","8":"sales-flash-overlay","9":"woocommerce-text-align-left","10":"woocommerce-image-align-center","11":"do-quantity-buttons","12":"wc-has-gallery","14":"first","15":"instock","16":"sale","17":"shipping-taxable","18":"purchasable","19":"product-type-variable"},"_links":{"self":[{"href":"https:\/\/thesilverings.com\/pl\/wp-json\/wp\/v2\/product\/1349","targetHints":{"allow":["GET"]}}],"collection":[{"href":"https:\/\/thesilverings.com\/pl\/wp-json\/wp\/v2\/product"}],"about":[{"href":"https:\/\/thesilverings.com\/pl\/wp-json\/wp\/v2\/types\/product"}],"replies":[{"embeddable":true,"href":"https:\/\/thesilverings.com\/pl\/wp-json\/wp\/v2\/comments?post=1349"}],"wp:featuredmedia":[{"embeddable":true,"href":"https:\/\/thesilverings.com\/pl\/wp-json\/wp\/v2\/media\/1371"}],"wp:attachment":[{"href":"https:\/\/thesilverings.com\/pl\/wp-json\/wp\/v2\/media?parent=1349"}],"wp:term":[{"taxonomy":"product_brand","embeddable":true,"href":"https:\/\/thesilverings.com\/pl\/wp-json\/wp\/v2\/product_brand?post=1349"},{"taxonomy":"product_cat","embeddable":true,"href":"https:\/\/thesilverings.com\/pl\/wp-json\/wp\/v2\/product_cat?post=1349"},{"taxonomy":"product_tag","embeddable":true,"href":"https:\/\/thesilverings.com\/pl\/wp-json\/wp\/v2\/product_tag?post=1349"}],"curies":[{"name":"wp","href":"https:\/\/api.w.org\/{rel}","templated":true}]}}