{"id":1235,"date":"2025-06-11T13:33:58","date_gmt":"2025-06-11T13:33:58","guid":{"rendered":"https:\/\/thesilverings.com\/?post_type=product&#038;p=1235"},"modified":"2025-06-12T17:15:09","modified_gmt":"2025-06-12T17:15:09","slug":"nowoczesny-srebrny-sygnet-z-czarnym-kamieniem-i-bialym-krzyzem","status":"publish","type":"product","link":"https:\/\/thesilverings.com\/pl\/sklep\/rycerze\/srebrni-rycerze\/nowoczesny-srebrny-sygnet-z-czarnym-kamieniem-i-bialym-krzyzem\/","title":{"rendered":"Nowoczesny srebrny sygnet z czarnym kamieniem i bia\u0142ym krzy\u017cem"},"content":{"rendered":"<h2>NOWOCZESNY SREBRNY SYGNET M\u0118SKI - SI\u0141A I STYL \ud83d\udee1\ufe0f<\/h2>\n<p>Odkryj uciele\u015bnienie <strong>m\u0119sko\u015b\u0107<\/strong> i elegancji z naszym nowoczesnym srebrnym Chevali\u00e8re, symbolem solidno\u015bci i wyrafinowania. Ten pier\u015bcionek nie tylko podkre\u015bli <strong>moc wizualna<\/strong>Ale to tak\u017ce uciele\u015bnienie ponadczasowego stylu, kt\u00f3ry przemawia do Twojej osobowo\u015bci. <strong>m\u0119ska obecno\u015b\u0107<\/strong>.<\/p>\n<ul>\n<li>\ud83d\udc4a <strong>Imponuj\u0105ca konstrukcja<\/strong>Zaprojektowany, aby odzwierciedla\u0107 si\u0142\u0119 i determinacj\u0119, ten sygnet stanowi odwa\u017cn\u0105 deklaracj\u0119 na d\u0142oni.<\/li>\n<li>\ud83c\udf1f <strong>Wspania\u0142y czarny kamie\u0144<\/strong>Zaprezentuj sw\u00f3j nienaganny gust dzi\u0119ki inkrustacji z g\u0142\u0119bokiego, mistycznego czarnego kamienia.<\/li>\n<li>\u2728 <strong>Charakterystyczny symbol<\/strong>Podkre\u015blony bia\u0142y krzy\u017c, kt\u00f3ry dodaje odrobin\u0119 oryginalno\u015bci i duchowo\u015bci do osobistego stylu.<\/li>\n<li>\ud83d\udd28 <strong>Zbudowany, by trwa\u0107<\/strong>Wykonany ze srebra pr\u00f3by 925, znanego ze swojej trwa\u0142o\u015bci i blasku, wytrzymuje pr\u00f3by codziennego \u017cycia.<\/li>\n<li>\ud83d\udccf <strong>Regulowana talia<\/strong>Idealne dopasowanie do palca, zapewniaj\u0105ce optymalny komfort przez ca\u0142y dzie\u0144.<\/li>\n<li>\ud83c\udfc6 <strong>Akcesoria Champion<\/strong>Idealny dla m\u0119\u017cczyzn, kt\u00f3rzy nie boj\u0105 si\u0119 pokaza\u0107 swojej prawdziwej si\u0142y i sukcesu.<\/li>\n<\/ul>\n<h3>Dlaczego warto wybra\u0107 Chevali\u00e8re argent moderne carr\u00e9 pav\u00e9e pierre noire et croix blanche?<\/h3>\n<p>Udowodnij sw\u00f3j m\u0119ski styl i wykwintny gust za pomoc\u0105 elementu, kt\u00f3ry przyci\u0105ga uwag\u0119, zachowuj\u0105c jednocze\u015bnie aur\u0119 tajemniczo\u015bci: <\/p>\n<ul>\n<li>\u27a1\ufe0f <strong>Presti\u017cowy podpis<\/strong>No\u015b bi\u017cuteri\u0119, kt\u00f3ra zwi\u0119kszy Twoj\u0105 prezencj\u0119 i pewno\u015b\u0107 siebie.<\/li>\n<li>\u27a1\ufe0f <strong>Wysokiej jako\u015bci materia\u0142y<\/strong>Ciesz si\u0119 trwa\u0142ym po\u0142yskiem srebra pr\u00f3by 925, kt\u00f3re z pewno\u015bci\u0105 przetrwa pr\u00f3b\u0119 czasu.<\/li>\n<li>\u27a1\ufe0f <strong>Kupuj bez obaw<\/strong>Dzi\u0119ki naszej doskona\u0142ej polityce zwrot\u00f3w i zespo\u0142owi obs\u0142ugi klienta, kt\u00f3ry ws\u0142uchuje si\u0119 w Twoje potrzeby, Twoje zadowolenie jest dla nas najwa\u017cniejsze.<\/li>\n<\/ul>\n<p>Czeka na ciebie! <strong>Wybierz doskona\u0142o\u015b\u0107<\/strong> oraz <strong>podkre\u015bl sw\u00f3j styl<\/strong> z tym wyj\u0105tkowym sygnetem. Model ten wykonany jest z <strong>ograniczona ilo\u015b\u0107<\/strong>Upewnij si\u0119, \u017ce zam\u00f3wi\u0142e\u015b teraz, aby unikn\u0105\u0107 \u017calu!<\/p>\n<p><strong>Nie czekaj d\u0142u\u017cej, dodaj ten rzadki egzemplarz do swojej kolekcji ju\u017c dzi\u015b i oznacz swoje terytorium z rozmachem! Zam\u00f3w teraz!<\/strong><\/p>","protected":false},"excerpt":{"rendered":"<p>NOWOCZESNY SREBRNY PIER\u015aCIONEK DLA M\u0118\u017bCZYZN - WYTRZYMA\u0141O\u015a\u0106 I STYL \ud83d\udee1\ufe0f Odkryj uosobienie m\u0119sko\u015bci i elegancji z naszym nowoczesnym srebrnym Chevali\u00e8re, symbolem solidno\u015bci i wyrafinowania. Ten pier\u015bcionek nie tylko podkre\u015bla ... <\/p>\n<p class=\"read-more-container\"><a title=\"Nowoczesny srebrny sygnet z czarnym kamieniem i bia\u0142ym krzy\u017cem\" class=\"read-more button\" href=\"https:\/\/thesilverings.com\/pl\/sklep\/rycerze\/srebrni-rycerze\/nowoczesny-srebrny-sygnet-z-czarnym-kamieniem-i-bialym-krzyzem\/#more-1235\" aria-label=\"Czytaj wi\u0119cej o Nowoczesny srebrny sygnet z czarnym kamieniem i bia\u0142ym krzy\u017cem\">Czytaj dalej<\/a><\/p>","protected":false},"featured_media":1257,"comment_status":"closed","ping_status":"closed","template":"","meta":[],"product_brand":[],"product_cat":[41,26,27,28,29],"product_tag":[],"class_list":{"0":"post-1235","1":"product","2":"type-product","3":"status-publish","4":"has-post-thumbnail","6":"product_cat-bagues-avec-pierres","7":"product_cat-bagues-fantaisies","8":"product_cat-chevalieres","9":"product_cat-chevalieres-argent","10":"product_cat-symboles","11":"sales-flash-overlay","12":"woocommerce-text-align-left","13":"woocommerce-image-align-center","14":"do-quantity-buttons","15":"wc-has-gallery","17":"first","18":"instock","19":"sale","20":"shipping-taxable","21":"purchasable","22":"product-type-variable"},"_links":{"self":[{"href":"https:\/\/thesilverings.com\/pl\/wp-json\/wp\/v2\/product\/1235","targetHints":{"allow":["GET"]}}],"collection":[{"href":"https:\/\/thesilverings.com\/pl\/wp-json\/wp\/v2\/product"}],"about":[{"href":"https:\/\/thesilverings.com\/pl\/wp-json\/wp\/v2\/types\/product"}],"replies":[{"embeddable":true,"href":"https:\/\/thesilverings.com\/pl\/wp-json\/wp\/v2\/comments?post=1235"}],"wp:featuredmedia":[{"embeddable":true,"href":"https:\/\/thesilverings.com\/pl\/wp-json\/wp\/v2\/media\/1257"}],"wp:attachment":[{"href":"https:\/\/thesilverings.com\/pl\/wp-json\/wp\/v2\/media?parent=1235"}],"wp:term":[{"taxonomy":"product_brand","embeddable":true,"href":"https:\/\/thesilverings.com\/pl\/wp-json\/wp\/v2\/product_brand?post=1235"},{"taxonomy":"product_cat","embeddable":true,"href":"https:\/\/thesilverings.com\/pl\/wp-json\/wp\/v2\/product_cat?post=1235"},{"taxonomy":"product_tag","embeddable":true,"href":"https:\/\/thesilverings.com\/pl\/wp-json\/wp\/v2\/product_tag?post=1235"}],"curies":[{"name":"wp","href":"https:\/\/api.w.org\/{rel}","templated":true}]}}