{"id":965,"date":"2025-06-11T13:31:44","date_gmt":"2025-06-11T13:31:44","guid":{"rendered":"https:\/\/thesilverings.com\/?post_type=product&#038;p=965"},"modified":"2025-06-12T17:15:03","modified_gmt":"2025-06-12T17:15:03","slug":"ring-mann-silber-buchstabe-hebreu","status":"publish","type":"product","link":"https:\/\/thesilverings.com\/de\/shop\/eheringe-manner\/silberne-eheringe\/ring-mann-silber-buchstabe-hebreu\/","title":{"rendered":"Ring Mann Silber Hebr\u00e4ischer Buchstabe"},"content":{"rendered":"<h2>\ud83d\udd25 ERFORSCHEN SIE IHRE M\u00c4NNLICHKEIT MIT DEM HERRENRING SILBER HEBR\u00c4ISCHER BUCHSTABE \ud83c\udf1f.<\/h2>\n<p>Setzen Sie eine starke Botschaft von Maskulinit\u00e4t und Authentizit\u00e4t frei mit unserem <strong>Ring aus 925er Silber<\/strong> verziert mit hebr\u00e4ischen Buchstaben. Dieses Accessoire ist nicht nur ein Stil-Statement, sondern spiegelt Ihre einzigartige und kraftvolle Identit\u00e4t wider.<\/p>\n<ul>\n<li>\ud83d\udc4a <strong>Exklusives Design:<\/strong> Tragen Sie ein eigenes Symbol des hebr\u00e4ischen Alphabets, da jeder Ring einzigartig ist, um Ihre Einzigartigkeit zu verst\u00e4rken.<\/li>\n<li>\ud83d\udee1\ufe0f <strong>H\u00f6chste Qualit\u00e4t:<\/strong> 925er Silber, ein Garant f\u00fcr Langlebigkeit und Prestige, sorgf\u00e4ltig ausgew\u00e4hlt f\u00fcr M\u00e4nner, die das Besondere sch\u00e4tzen.<\/li>\n<li>\ud83c\udfc5 <strong>Optimierter Komfort:<\/strong> Fein gearbeitet f\u00fcr ein t\u00e4gliches Tragen ohne Beschwerden, ideal, um jede Bewegung in Ihrem aktiven Leben mitzumachen.<\/li>\n<li>\ud83c\udf0d <strong>Appell an die Tradition:<\/strong> Die hebr\u00e4ischen Buchstaben tragen eine Geschichte und eine Kraft in sich und verbinden so den Tr\u00e4ger mit alten und m\u00e4chtigen Werten.<\/li>\n<li>\ud83c\udf81 <strong>Ideal zum Verschenken:<\/strong> Perfektes Geschenk f\u00fcr M\u00e4nner, die Kultur, Geschichte und Personalisierung in ihren Accessoires sch\u00e4tzen.<\/li>\n<li>\ud83d\ude80 <strong>Begrenzt auf Lager:<\/strong> Exklusive Verf\u00fcgbarkeit f\u00fcr diejenigen, die schnell handeln. Lassen Sie sich die Chance nicht entgehen, dieses seltene Werk zu besitzen.<\/li>\n<\/ul>\n<h3>Warum sollten Sie sich f\u00fcr einen Herrenring aus Silber mit hebr\u00e4ischem Buchstaben entscheiden?<\/h3>\n<p>Wer sich f\u00fcr diesen Ring entscheidet, entscheidet sich daf\u00fcr, sich von der Masse abzuheben:<\/p>\n<ul>\n<li><strong>Authentizit\u00e4t:<\/strong> Markieren Sie Ihre Pr\u00e4senz mit einem St\u00fcck, das von Ihren Wurzeln und Ihrer tiefsten Identit\u00e4t handelt.<\/li>\n<li><strong>Qualit\u00e4t garantiert:<\/strong> Mit gr\u00f6\u00dfter Sorgfalt hergestellt und strengen Kontrollen unterzogen, um seine Reinheit und Festigkeit zu gew\u00e4hrleisten.<\/li>\n<li><strong>Vielseitiger Stil:<\/strong> Entwickelt, um sich jeder Umgebung anzupassen, von leger bis formell, und erh\u00f6ht so Ihr Selbstvertrauen bei jeder Gelegenheit.<\/li>\n<\/ul>\n<p><strong>\u231a Nur f\u00fcr eine begrenzte Zeit verf\u00fcgbar!<\/strong> F\u00fcgen Sie Ihrer Sammlung noch heute ein Emblem Ihrer m\u00e4nnlichen Individualit\u00e4t hinzu. Lassen Sie sich dieses einzigartige Angebot nicht entgehen : <em>\"Kaufen Sie jetzt, um Ihre M\u00e4nnlichkeit kompromisslos auszudr\u00fccken!\"<\/em><\/p>","protected":false},"excerpt":{"rendered":"<p>\ud83d\udd25 ERFAHREN SIE IHRE VIRILIT\u00c4T MIT DEM RING MANN SILBER HEBR\u00c4ISCHE LETTER \ud83c\udf1f Setzen Sie eine starke Botschaft von M\u00e4nnlichkeit und Authentizit\u00e4t frei mit unserem Ring aus 925er Silber, der mit hebr\u00e4ischen Buchstaben verziert ist. Dieses Accessoire ist nicht nur ... <\/p>\n<p class=\"read-more-container\"><a title=\"Ring Mann Silber Hebr\u00e4ischer Buchstabe\" class=\"read-more button\" href=\"https:\/\/thesilverings.com\/de\/shop\/eheringe-manner\/silberne-eheringe\/ring-mann-silber-buchstabe-hebreu\/#more-965\" aria-label=\"Mehr Informationen \u00fcber Herrenring Silber Hebr\u00e4ischer Buchstabe\">Weiterlesen ...<\/a><\/p>","protected":false},"featured_media":982,"comment_status":"closed","ping_status":"closed","template":"","meta":[],"product_brand":[],"product_cat":[31,30],"product_tag":[],"class_list":{"0":"post-965","1":"product","2":"type-product","3":"status-publish","4":"has-post-thumbnail","6":"product_cat-alliances-argent","7":"product_cat-alliances-hommes","8":"sales-flash-overlay","9":"woocommerce-text-align-left","10":"woocommerce-image-align-center","11":"do-quantity-buttons","12":"wc-has-gallery","14":"first","15":"instock","16":"sale","17":"shipping-taxable","18":"purchasable","19":"product-type-variable"},"_links":{"self":[{"href":"https:\/\/thesilverings.com\/de\/wp-json\/wp\/v2\/product\/965","targetHints":{"allow":["GET"]}}],"collection":[{"href":"https:\/\/thesilverings.com\/de\/wp-json\/wp\/v2\/product"}],"about":[{"href":"https:\/\/thesilverings.com\/de\/wp-json\/wp\/v2\/types\/product"}],"replies":[{"embeddable":true,"href":"https:\/\/thesilverings.com\/de\/wp-json\/wp\/v2\/comments?post=965"}],"wp:featuredmedia":[{"embeddable":true,"href":"https:\/\/thesilverings.com\/de\/wp-json\/wp\/v2\/media\/982"}],"wp:attachment":[{"href":"https:\/\/thesilverings.com\/de\/wp-json\/wp\/v2\/media?parent=965"}],"wp:term":[{"taxonomy":"product_brand","embeddable":true,"href":"https:\/\/thesilverings.com\/de\/wp-json\/wp\/v2\/product_brand?post=965"},{"taxonomy":"product_cat","embeddable":true,"href":"https:\/\/thesilverings.com\/de\/wp-json\/wp\/v2\/product_cat?post=965"},{"taxonomy":"product_tag","embeddable":true,"href":"https:\/\/thesilverings.com\/de\/wp-json\/wp\/v2\/product_tag?post=965"}],"curies":[{"name":"wp","href":"https:\/\/api.w.org\/{rel}","templated":true}]}}