{"id":949,"date":"2025-06-11T13:31:22","date_gmt":"2025-06-11T13:31:22","guid":{"rendered":"https:\/\/thesilverings.com\/?post_type=product&#038;p=949"},"modified":"2025-06-12T17:15:03","modified_gmt":"2025-06-12T17:15:03","slug":"silberner-ring-totenkopf-totenkopf","status":"publish","type":"product","link":"https:\/\/thesilverings.com\/de\/shop\/eheringe-manner\/silberne-eheringe\/silberner-ring-totenkopf-totenkopf\/","title":{"rendered":"Trauring Silber Totenkopf skull"},"content":{"rendered":"<h2>\ud83d\udd25 EHERING SILBER TOTENKOPF TOTENKOPF SKULL F\u00dcR M\u00c4NNLICHE M\u00c4NNER \ud83d\udd25.<\/h2>\n<p>Markieren Sie Ihren k\u00fchnen und m\u00e4nnlichen Stil mit diesem Silberring Totenkopf Totenkopf skull, der exklusiv f\u00fcr M\u00e4nner entworfen wurde. Robust und k\u00fchn ist dieser Ring nicht nur ein Schmuckst\u00fcck, sondern ein starkes Symbol f\u00fcr Ihren unb\u00e4ndigen Charakter.<\/p>\n<ul>\n<li>\ud83d\udcaa <strong>Garantierte Haltbarkeit<\/strong> : Hergestellt aus 925er Silber, h\u00e4lt dieser Ehering dem Test der Zeit und der Elemente stand und spiegelt die m\u00e4nnliche St\u00e4rke und Widerstandsf\u00e4higkeit wider.<\/li>\n<li>\ud83d\udc4a <strong>Imposantes Design<\/strong> : Jedes Detail des Totenkopfs ist pr\u00e4zise geschnitzt, um Ihre Pr\u00e4senz zu betonen und ein Bild der Macht zu projizieren.<\/li>\n<li>\ud83d\ude80 <strong>Optimaler Komfort<\/strong> Die perfekte Ergonomie beweist, dass Stil und Komfort nebeneinander bestehen k\u00f6nnen.<\/li>\n<li>\ud83d\udd17 <strong>Vielseitiger Stil<\/strong> : Perfekt f\u00fcr formelle Anl\u00e4sse und legeres Ausgehen, passt dieser Ring zu einer breiten Palette an Herrenmode.<\/li>\n<li>\ud83c\udf96\ufe0f <strong>Authentizit\u00e4t gesichert<\/strong> : Jeder Ring wird mit einem Echtheitszertifikat aus 925er Silber geliefert, das die Qualit\u00e4t und den Wert Ihres Kaufs sicherstellt.<\/li>\n<li>\ud83d\udc41\ufe0f <strong>Magnetische Anziehungskraft<\/strong> : Seien Sie in jedem Raum der Mittelpunkt, dieser Ring ist ein echter Blickmagnet. <\/li>\n<\/ul>\n<h2>Warum sollten Sie sich f\u00fcr Allianz Silber Totenkopf skull entscheiden?<\/h2>\n<p>Hier sind drei Hauptgr\u00fcnde f\u00fcr die Wahl dieses au\u00dfergew\u00f6hnlichen Rings:<\/p>\n<ul>\n<li>\ud83e\udd47 <strong>Expressivit\u00e4t<\/strong>Sie vermittelt kompromisslose M\u00e4nnlichkeit und einen rebellischen Geist, die Ihre einzigartige Pers\u00f6nlichkeit unterstreichen.<\/li>\n<li>\ud83d\udc8e <strong>H\u00f6chste Qualit\u00e4t<\/strong>: Investieren Sie in ein St\u00fcck, das Bestand hat und mit der Zeit an Wert gewinnt, was an die Maxime ankn\u00fcpft, die jeder Mann befolgen sollte: \"Qualit\u00e4t w\u00e4hlen.\"<\/li>\n<li>\ud83d\udeab <strong>Exklusiv<\/strong>Dieser Ring wird in limitierter Auflage angeboten und ist eine bevorzugte Wahl f\u00fcr alle, die sich gerne von der Masse abheben.<\/li>\n<\/ul>\n<p><strong>Gehen Sie nicht vorbei<\/strong> \ud83d\udea8! Der Silberring Totenkopf Skull ist nur in begrenzter St\u00fcckzahl erh\u00e4ltlich. Sichern Sie sich Ihr Exemplar, bevor der Vorrat ersch\u00f6pft ist, und unterstreichen Sie Ihren Stil mit Selbstbewusstsein und M\u00e4nnlichkeit. <strong>Warten Sie nicht l\u00e4nger<\/strong>Wenn Sie sich nicht sicher sind, ob Sie die richtige Wahl getroffen haben, schlie\u00dfen Sie sich noch heute dem Kreis der M\u00e4nner an, die sich ihrer Wahl sicher sind!<\/p>","protected":false},"excerpt":{"rendered":"<p>\ud83d\udd25 SILBERER TOTENKOPF SKULL RING F\u00dcR VIRILLE M\u00c4NNER \ud83d\udd25 Markieren Sie Ihren k\u00fchnen und m\u00e4nnlichen Stil mit diesem silbernen Totenkopf Skull Ring, der exklusiv f\u00fcr M\u00e4nner entworfen wurde. Dieser robuste und gewagte Ring ... <\/p>\n<p class=\"read-more-container\"><a title=\"Trauring Silber Totenkopf skull\" class=\"read-more button\" href=\"https:\/\/thesilverings.com\/de\/shop\/eheringe-manner\/silberne-eheringe\/silberner-ring-totenkopf-totenkopf\/#more-949\" aria-label=\"Mehr Informationen \u00fcber Allianz Silber Totenkopf Skull\">Weiterlesen ...<\/a><\/p>","protected":false},"featured_media":978,"comment_status":"closed","ping_status":"closed","template":"","meta":[],"product_brand":[],"product_cat":[31,30,26,42],"product_tag":[],"class_list":{"0":"post-949","1":"product","2":"type-product","3":"status-publish","4":"has-post-thumbnail","6":"product_cat-alliances-argent","7":"product_cat-alliances-hommes","8":"product_cat-bagues-fantaisies","9":"product_cat-tete-de-mort","10":"sales-flash-overlay","11":"woocommerce-text-align-left","12":"woocommerce-image-align-center","13":"do-quantity-buttons","14":"wc-has-gallery","16":"first","17":"instock","18":"sale","19":"shipping-taxable","20":"purchasable","21":"product-type-variable"},"_links":{"self":[{"href":"https:\/\/thesilverings.com\/de\/wp-json\/wp\/v2\/product\/949","targetHints":{"allow":["GET"]}}],"collection":[{"href":"https:\/\/thesilverings.com\/de\/wp-json\/wp\/v2\/product"}],"about":[{"href":"https:\/\/thesilverings.com\/de\/wp-json\/wp\/v2\/types\/product"}],"replies":[{"embeddable":true,"href":"https:\/\/thesilverings.com\/de\/wp-json\/wp\/v2\/comments?post=949"}],"wp:featuredmedia":[{"embeddable":true,"href":"https:\/\/thesilverings.com\/de\/wp-json\/wp\/v2\/media\/978"}],"wp:attachment":[{"href":"https:\/\/thesilverings.com\/de\/wp-json\/wp\/v2\/media?parent=949"}],"wp:term":[{"taxonomy":"product_brand","embeddable":true,"href":"https:\/\/thesilverings.com\/de\/wp-json\/wp\/v2\/product_brand?post=949"},{"taxonomy":"product_cat","embeddable":true,"href":"https:\/\/thesilverings.com\/de\/wp-json\/wp\/v2\/product_cat?post=949"},{"taxonomy":"product_tag","embeddable":true,"href":"https:\/\/thesilverings.com\/de\/wp-json\/wp\/v2\/product_tag?post=949"}],"curies":[{"name":"wp","href":"https:\/\/api.w.org\/{rel}","templated":true}]}}