{"id":2116,"date":"2025-06-11T13:39:36","date_gmt":"2025-06-11T13:39:36","guid":{"rendered":"https:\/\/thesilverings.com\/?post_type=product&#038;p=2116"},"modified":"2025-06-12T17:15:19","modified_gmt":"2025-06-12T17:15:19","slug":"ring-silber-mann-trone-des-konigs","status":"publish","type":"product","link":"https:\/\/thesilverings.com\/de\/shop\/ringe-mit-steinen\/onyx\/ring-silber-mann-trone-des-konigs\/","title":{"rendered":"Silberring Mann Thron des K\u00f6nigs"},"content":{"rendered":"<h2>\ud83d\udc51 SILBERRING MANN THRON DES K\u00d6NIGS - DER VERB\u00dcNDETE IHRER M\u00c4NNLICHKEIT<\/h2>\n<p><strong>Exzellenz an Ihren Fingerspitzen.<\/strong> Entdecken Sie den Ring, der nicht nur Ihre Hand versch\u00f6nert, sondern auch Ihre St\u00e4rke und Ihre k\u00f6nigliche Statur symbolisiert. Perfekt f\u00fcr alle, die auf gewagte Designs und starke Symbolik stehen, ist dieser Ring ein echter Gewinn f\u00fcr Ihre M\u00e4nnlichkeit.<\/p>\n<ul>\n<li>\ud83d\udd0d <strong>Einzigartiges Design<\/strong>: Inspiriert von den R\u00fcstungen gro\u00dfer Kaiser wurde jedes Detail des silbernen \"K\u00f6nigsthron\"-Rings entworfen, um Ihren Mut und Ihre F\u00fchrungsqualit\u00e4ten widerzuspiegeln.<\/li>\n<li>\ud83c\udfc6 <strong>Garantierte Reinheit<\/strong>: Hergestellt aus 925er Silber, verspricht er nicht nur einen lang anhaltenden Glanz, sondern ist auch ein Symbol f\u00fcr Reinheit und Noblesse.<\/li>\n<li>\ud83d\udcaa <strong>Betonte Virilit\u00e4t<\/strong>: Perfekt geeignet, um Ihre Pr\u00e4senz zu unterstreichen und Ihr Image als Alpham\u00e4nnchen zu st\u00e4rken.<\/li>\n<li>\ud83e\udd35 <strong>Vorbildlicher Komfort<\/strong>Die ergonomische Form passt sich perfekt an Ihren Finger an.<\/li>\n<li>\ud83d\udd04 <strong>Vielseitigkeit<\/strong>Dieser Ring ist ideal f\u00fcr alle Gelegenheiten und wird Sie sowohl bei gesch\u00e4ftlichen Treffen als auch bei Ausfl\u00fcgen mit Freunden begleiten.<\/li>\n<li>\ud83d\udc4c <strong>Hochwertiges Kunsthandwerk<\/strong>Jeder Ring wird von erfahrenen Kunsthandwerkern in feinster Handarbeit gefertigt und garantiert ein Schmuckst\u00fcck, das so einzigartig ist wie Sie.<\/li>\n<\/ul>\n<h3>Warum sollten Sie sich f\u00fcr einen Silberring f\u00fcr M\u00e4nner K\u00f6nigsthron entscheiden?<\/h3>\n<p>In einer Welt, in der jedes Detail z\u00e4hlt, ist die Wahl der <strong>Silberring Mann Thron des K\u00f6nigs<\/strong> bedeutet, sich zu entscheiden f\u00fcr :<\/p>\n<ul>\n<li>\ud83d\udc8e <strong>Exklusiv<\/strong>: Besitzen Sie ein Schmuckst\u00fcck, das sich durch sein Design und seine Qualit\u00e4t deutlich von anderen abhebt.<\/li>\n<li>\ud83d\udd90\ufe0f <strong>Zuverl\u00e4ssigkeit<\/strong>Die Ringe sind so gestaltet, dass sie den Test der Zeit bestehen.<\/li>\n<li>\ud83c\udf81 <strong>Vorstellung von Luxe<\/strong>: Erhalten Sie Ihren Ring in einer eleganten Schachtel, bereit zum Verschenken oder zur Versch\u00f6nerung Ihrer pers\u00f6nlichen Sammlung.<\/li>\n<\/ul>\n<p><strong>Sind Sie bereit, mit Stil und Selbstbewusstsein \u00fcber Ihre Welt zu herrschen?<\/strong> Lassen Sie sich dieses seltene und kraftvolle St\u00fcck nicht entgehen. <strong>Begrenzter Bestand<\/strong> - bestellen Sie schnell, um sicherzustellen, dass dieser Ring an Ihrer Hand thront! <strong><a href=\"URL-DE-LA-BAGUE\">Jetzt kaufen!<\/a><\/strong><\/p>","protected":false},"excerpt":{"rendered":"<p>\ud83d\udc51 SILBERRING HOMME TRON DES K\u00d6NIGS - DER VERBUNDENE FREUND IHRER VIRILIT\u00c4T Exzellenz an Ihren Fingerspitzen. Entdecken Sie den Ring, der nicht nur Ihre Hand versch\u00f6nert, sondern auch Ihre St\u00e4rke symbolisiert und ... <\/p>\n<p class=\"read-more-container\"><a title=\"Silberring Mann Thron des K\u00f6nigs\" class=\"read-more button\" href=\"https:\/\/thesilverings.com\/de\/shop\/ringe-mit-steinen\/onyx\/ring-silber-mann-trone-des-konigs\/#more-2116\" aria-label=\"Mehr Informationen \u00fcber Ring Silber Mann Thron des K\u00f6nigs\">Weiterlesen ...<\/a><\/p>","protected":false},"featured_media":2144,"comment_status":"closed","ping_status":"closed","template":"","meta":[],"product_brand":[],"product_cat":[27,28,49,46],"product_tag":[],"class_list":{"0":"post-2116","1":"product","2":"type-product","3":"status-publish","4":"has-post-thumbnail","6":"product_cat-chevalieres","7":"product_cat-chevalieres-argent","8":"product_cat-oeil-de-tigre","9":"product_cat-onyx","10":"sales-flash-overlay","11":"woocommerce-text-align-left","12":"woocommerce-image-align-center","13":"do-quantity-buttons","15":"first","16":"instock","17":"sale","18":"shipping-taxable","19":"purchasable","20":"product-type-variable","21":"has-default-attributes"},"_links":{"self":[{"href":"https:\/\/thesilverings.com\/de\/wp-json\/wp\/v2\/product\/2116","targetHints":{"allow":["GET"]}}],"collection":[{"href":"https:\/\/thesilverings.com\/de\/wp-json\/wp\/v2\/product"}],"about":[{"href":"https:\/\/thesilverings.com\/de\/wp-json\/wp\/v2\/types\/product"}],"replies":[{"embeddable":true,"href":"https:\/\/thesilverings.com\/de\/wp-json\/wp\/v2\/comments?post=2116"}],"wp:featuredmedia":[{"embeddable":true,"href":"https:\/\/thesilverings.com\/de\/wp-json\/wp\/v2\/media\/2144"}],"wp:attachment":[{"href":"https:\/\/thesilverings.com\/de\/wp-json\/wp\/v2\/media?parent=2116"}],"wp:term":[{"taxonomy":"product_brand","embeddable":true,"href":"https:\/\/thesilverings.com\/de\/wp-json\/wp\/v2\/product_brand?post=2116"},{"taxonomy":"product_cat","embeddable":true,"href":"https:\/\/thesilverings.com\/de\/wp-json\/wp\/v2\/product_cat?post=2116"},{"taxonomy":"product_tag","embeddable":true,"href":"https:\/\/thesilverings.com\/de\/wp-json\/wp\/v2\/product_tag?post=2116"}],"curies":[{"name":"wp","href":"https:\/\/api.w.org\/{rel}","templated":true}]}}