{"id":1678,"date":"2025-06-11T13:37:12","date_gmt":"2025-06-11T13:37:12","guid":{"rendered":"https:\/\/thesilverings.com\/?post_type=product&#038;p=1678"},"modified":"2025-06-12T17:15:14","modified_gmt":"2025-06-12T17:15:14","slug":"ritterschaft-silber-mann-lesprit-du-roi","status":"publish","type":"product","link":"https:\/\/thesilverings.com\/de\/shop\/ringe-mit-steinen\/onyx\/ritterschaft-silber-mann-lesprit-du-roi\/","title":{"rendered":"Silberner Ritter Mann Geist des K\u00f6nigs"},"content":{"rendered":"<h2>\ud83d\udc51 SIEGELRING SILBER MANN GEIST DES K\u00d6NIGS<\/h2>\n<p>Heben Sie sich mit einem St\u00fcck ab, das Macht und Eleganz verk\u00f6rpert. Der Siegelring \"Esprit du Roi\" ist das perfekte Accessoire f\u00fcr den modernen Mann, der seine <strong>M\u00e4nnlichkeit<\/strong> und seinem einzigartigen Stil.<\/p>\n<ul>\n<li>\ud83d\udd25 <strong>M\u00e4nnliches Design<\/strong> : Inspiriert von den K\u00f6nigen der alten Zeit steht dieser Ring f\u00fcr St\u00e4rke und Mut.<\/li>\n<li>\ud83c\udf1f <strong>925er Silber Premium<\/strong> : Jeder Ring wird aus hochwertigem Silber hergestellt, um Glanz und Haltbarkeit zu gew\u00e4hrleisten.<\/li>\n<li>\ud83d\udc41\ufe0f <strong>Visuelle Attraktivit\u00e4t<\/strong> : Akribische Verarbeitung und detaillierte Muster, die den Blick auf sich ziehen.<\/li>\n<li>\ud83d\udee0\ufe0f <strong>Komfort von Port<\/strong> : Entwickelt, um im Alltag bequem zu sein, selbst bei den anspruchsvollsten T\u00e4tigkeiten.<\/li>\n<li>\u23f3 <strong>Zeitlos<\/strong> : Ein Stil, der die Zeiten \u00fcberdauert und mit der Zeit immer sch\u00f6ner wird.<\/li>\n<li>\ud83c\udf0d <strong>Universalit\u00e4t<\/strong> : Geeignet f\u00fcr alle M\u00e4nner, unabh\u00e4ngig von Stil oder Alter.<\/li>\n<\/ul>\n<p>Warum w\u00e4hlen <strong>Silberner Ritter Mann Geist des K\u00f6nigs<\/strong> ?<\/p>\n<ul>\n<li>\ud83d\udcaa <strong>Verk\u00f6rperung der M\u00e4nnlichkeit<\/strong> : Dieser Ring ist nicht einfach nur ein Schmuckst\u00fcck, er ist ein Symbol f\u00fcr St\u00e4rke und F\u00fchrungsst\u00e4rke.<\/li>\n<li>\ud83d\udc8e <strong>Qualit\u00e4t Garantie<\/strong> Wir verpflichten uns, nur das Beste aus 925er Silber zu liefern, das f\u00fcr seine Reinheit und St\u00e4rke bekannt ist.<\/li>\n<li>\ud83d\udc51 <strong>Exklusiv<\/strong> : Besitzen Sie ein St\u00fcck des modernen K\u00f6nigtums mit einem einzigartigen St\u00fcck, das Ihre Pr\u00e4senz in jedem Raum erh\u00f6ht.<\/li>\n<\/ul>\n<p><strong>Verpassen Sie nicht Ihre Chance, mit Stil zu regieren!<\/strong> Bestellen Sie jetzt und genie\u00dfen Sie die Eleganz, die nur die Chevali\u00e8re \"Esprit du Roi\" bieten kann. <em>Begrenzte Mengen - Handeln Sie schnell, bevor die Vorr\u00e4te zur Neige gehen!<\/em><\/p>","protected":false},"excerpt":{"rendered":"<p>\ud83d\udc51 CHEVALI\u00c8RE ARGENT HOMME L'ESPRIT DU ROI Heben Sie sich mit einem St\u00fcck ab, das Macht und Eleganz verk\u00f6rpert. Der Siegelring \"Esprit du Roi\" ist das perfekte Accessoire f\u00fcr den modernen Mann, der seine M\u00e4nnlichkeit und seinen Stil ... <\/p>\n<p class=\"read-more-container\"><a title=\"Silberner Ritter Mann Geist des K\u00f6nigs\" class=\"read-more button\" href=\"https:\/\/thesilverings.com\/de\/shop\/ringe-mit-steinen\/onyx\/ritterschaft-silber-mann-lesprit-du-roi\/#more-1678\" aria-label=\"Mehr Informationen \u00fcber Ritter Silber Mann Geist des K\u00f6nigs\">Weiterlesen ...<\/a><\/p>","protected":false},"featured_media":1707,"comment_status":"closed","ping_status":"closed","template":"","meta":[],"product_brand":[],"product_cat":[41,27,28,55,46],"product_tag":[],"class_list":{"0":"post-1678","1":"product","2":"type-product","3":"status-publish","4":"has-post-thumbnail","6":"product_cat-bagues-avec-pierres","7":"product_cat-chevalieres","8":"product_cat-chevalieres-argent","9":"product_cat-labradorite","10":"product_cat-onyx","11":"sales-flash-overlay","12":"woocommerce-text-align-left","13":"woocommerce-image-align-center","14":"do-quantity-buttons","16":"first","17":"instock","18":"sale","19":"shipping-taxable","20":"purchasable","21":"product-type-variable","22":"has-default-attributes"},"_links":{"self":[{"href":"https:\/\/thesilverings.com\/de\/wp-json\/wp\/v2\/product\/1678","targetHints":{"allow":["GET"]}}],"collection":[{"href":"https:\/\/thesilverings.com\/de\/wp-json\/wp\/v2\/product"}],"about":[{"href":"https:\/\/thesilverings.com\/de\/wp-json\/wp\/v2\/types\/product"}],"replies":[{"embeddable":true,"href":"https:\/\/thesilverings.com\/de\/wp-json\/wp\/v2\/comments?post=1678"}],"wp:featuredmedia":[{"embeddable":true,"href":"https:\/\/thesilverings.com\/de\/wp-json\/wp\/v2\/media\/1707"}],"wp:attachment":[{"href":"https:\/\/thesilverings.com\/de\/wp-json\/wp\/v2\/media?parent=1678"}],"wp:term":[{"taxonomy":"product_brand","embeddable":true,"href":"https:\/\/thesilverings.com\/de\/wp-json\/wp\/v2\/product_brand?post=1678"},{"taxonomy":"product_cat","embeddable":true,"href":"https:\/\/thesilverings.com\/de\/wp-json\/wp\/v2\/product_cat?post=1678"},{"taxonomy":"product_tag","embeddable":true,"href":"https:\/\/thesilverings.com\/de\/wp-json\/wp\/v2\/product_tag?post=1678"}],"curies":[{"name":"wp","href":"https:\/\/api.w.org\/{rel}","templated":true}]}}