{"id":1601,"date":"2025-06-11T13:36:44","date_gmt":"2025-06-11T13:36:44","guid":{"rendered":"https:\/\/thesilverings.com\/?post_type=product&#038;p=1601"},"modified":"2025-06-12T17:15:13","modified_gmt":"2025-06-12T17:15:13","slug":"ritterschaft-silber-mann-universitat","status":"publish","type":"product","link":"https:\/\/thesilverings.com\/de\/shop\/ritter\/silberritter\/ritterschaft-silber-mann-universitat\/","title":{"rendered":"Ritter Silber Mann Akademiker"},"content":{"rendered":"<h2>SILBERNER SIEGELRING MANN AKADEMISCH \ud83c\udf93 - BEHAUPTEN SIE IHREN STIL UND M\u00c4NNLICHKEIT<\/h2>\n<p>Heben Sie Ihre elegante und dominante Seite hervor mit unserem <strong>Ritter Silber Mann Akademiker<\/strong>Dieser Ring ist die perfekte Wahl f\u00fcr jeden Mann, der seine M\u00e4nnlichkeit auf raffinierte Weise zum Ausdruck bringen m\u00f6chte. Dieser Ring ist nicht nur ein Schmuckst\u00fcck, sondern ein Statement Ihrer Pers\u00f6nlichkeit.<\/p>\n<ul>\n<li>\ud83d\udc51 <strong>Prestigetr\u00e4chtiges Design<\/strong> : Inspiriert von den Traditionen der Universit\u00e4t verk\u00f6rpert der Siegelring Luxus mit einem Hauch akademischer Ernsthaftigkeit.<\/li>\n<li>\u2692\ufe0f <strong>Gemacht, um zu dauern<\/strong> : Aus 925er Silber gefertigt, h\u00e4lt sie dem Alltag stand und altert wundersch\u00f6n.<\/li>\n<li>\ud83d\udd25 <strong>Symbol f\u00fcr Leistung<\/strong> : Jedes Detail spiegelt St\u00e4rke und Entschlossenheit wider - perfekt f\u00fcr einen Mann, der wei\u00df, was er will.<\/li>\n<li>\ud83d\udccf <strong>An alle Stile anpassbar<\/strong> : Ob zum B\u00fcro-Outfit oder zum Ausflug mit Freunden, dieser Siegelring verleiht dem Outfit einen Hauch von Klasse.<\/li>\n<li>\ud83c\udf81 <strong>Ideales Geschenk<\/strong> : Schenken Sie ein bedeutungsvolles und m\u00e4nnliches St\u00fcck, das immer geliebt und gesch\u00e4tzt wird.<\/li>\n<li>\ud83d\udee1\ufe0f <strong>Versicherte Exklusivit\u00e4t<\/strong> : Besitzen Sie ein einzigartiges Schmuckst\u00fcck, das seinen Tr\u00e4ger in der Menge hervorhebt.<\/li>\n<\/ul>\n<h2>WARUM SOLLTEN SIE SICH F\u00dcR DEN SILBERNEN HERRENRING DER UNIVERSIT\u00c4T ENTSCHEIDEN?<\/h2>\n<p><strong>Heben Sie sich von der Masse ab<\/strong> mit einem Schmuckst\u00fcck, das von Ihren Erfolgen und Ihrem starken Charakter erz\u00e4hlt. Hier erfahren Sie, warum unser Siegelring ein unverzichtbares Accessoire ist :<\/p>\n<ul>\n<li>\ud83c\udfc6 <strong>Un\u00fcbertroffene Qualit\u00e4t<\/strong> : Jeder unserer Ringe wird mit gr\u00f6\u00dfter Sorgfalt hergestellt, um kompromisslose Qualit\u00e4t und Zufriedenheit zu gew\u00e4hrleisten.<\/li>\n<li>\ud83d\udcbc <strong>Angepasst an Ihren Alltag<\/strong> : Ob Sie eine F\u00fchrungspers\u00f6nlichkeit in einem Unternehmen oder ein Innovator in Ihrem Bereich sind, unser Ring erg\u00e4nzt Ihre Dynamik perfekt.<\/li>\n<li>\u2714\ufe0f <strong>Zufriedenheit Garantie<\/strong> : Wir sind bestrebt, ein au\u00dfergew\u00f6hnliches Kundenerlebnis zu bieten, mit einem flexiblen R\u00fcckgaberecht und einem aufmerksamen Service.<\/li>\n<\/ul>\n<p>Verpassen Sie nicht die Gelegenheit, Ihre Sammlung aufzur\u00fcsten. <strong>Dieser Siegelring in limitierter Auflage<\/strong> ist erh\u00e4ltlich, solange der Vorrat reicht. <strong>Bestellen Sie jetzt, um sich Ihr Exemplar vor dem endg\u00fcltigen Ausverkauf zu sichern.<\/strong> und zeigen Sie der Welt das Ausma\u00df Ihrer St\u00e4rke und Eleganz.<\/p>\n<p style=\"text-align:center;\"><button style=\"background-color:black; color:white; font-size:20px; padding:10px 20px; border:none; border-radius:5px; cursor:pointer;\">KAUFEN SIE JETZT - BEVOR ES ZU SP\u00c4T IST<\/button><\/p>","protected":false},"excerpt":{"rendered":"<p>UNIVERSIT\u00c4TSMANN SILBERER RITTER \ud83c\udf93 - BETONEN SIE IHREN STIL UND WIRKLICHKEIT Betonen Sie Ihre elegante und dominante Seite mit unserem UNIVERSIT\u00c4TSMANN SILBERERER RITTER, eine perfekte Wahl f\u00fcr jeden Mann, der seine M\u00e4nnlichkeit zum Ausdruck bringen m\u00f6chte ... <\/p>\n<p class=\"read-more-container\"><a title=\"Ritter Silber Mann Akademiker\" class=\"read-more button\" href=\"https:\/\/thesilverings.com\/de\/shop\/ritter\/silberritter\/ritterschaft-silber-mann-universitat\/#more-1601\" aria-label=\"Mehr Informationen \u00fcber Ritter Silber Mann Akademiker\">Weiterlesen ...<\/a><\/p>","protected":false},"featured_media":1609,"comment_status":"closed","ping_status":"closed","template":"","meta":[],"product_brand":[],"product_cat":[41,26,27,28,29],"product_tag":[],"class_list":{"0":"post-1601","1":"product","2":"type-product","3":"status-publish","4":"has-post-thumbnail","6":"product_cat-bagues-avec-pierres","7":"product_cat-bagues-fantaisies","8":"product_cat-chevalieres","9":"product_cat-chevalieres-argent","10":"product_cat-symboles","11":"sales-flash-overlay","12":"woocommerce-text-align-left","13":"woocommerce-image-align-center","14":"do-quantity-buttons","16":"first","17":"instock","18":"sale","19":"shipping-taxable","20":"purchasable","21":"product-type-variable","22":"has-default-attributes"},"_links":{"self":[{"href":"https:\/\/thesilverings.com\/de\/wp-json\/wp\/v2\/product\/1601","targetHints":{"allow":["GET"]}}],"collection":[{"href":"https:\/\/thesilverings.com\/de\/wp-json\/wp\/v2\/product"}],"about":[{"href":"https:\/\/thesilverings.com\/de\/wp-json\/wp\/v2\/types\/product"}],"replies":[{"embeddable":true,"href":"https:\/\/thesilverings.com\/de\/wp-json\/wp\/v2\/comments?post=1601"}],"wp:featuredmedia":[{"embeddable":true,"href":"https:\/\/thesilverings.com\/de\/wp-json\/wp\/v2\/media\/1609"}],"wp:attachment":[{"href":"https:\/\/thesilverings.com\/de\/wp-json\/wp\/v2\/media?parent=1601"}],"wp:term":[{"taxonomy":"product_brand","embeddable":true,"href":"https:\/\/thesilverings.com\/de\/wp-json\/wp\/v2\/product_brand?post=1601"},{"taxonomy":"product_cat","embeddable":true,"href":"https:\/\/thesilverings.com\/de\/wp-json\/wp\/v2\/product_cat?post=1601"},{"taxonomy":"product_tag","embeddable":true,"href":"https:\/\/thesilverings.com\/de\/wp-json\/wp\/v2\/product_tag?post=1601"}],"curies":[{"name":"wp","href":"https:\/\/api.w.org\/{rel}","templated":true}]}}