{"id":1311,"date":"2025-06-11T13:34:44","date_gmt":"2025-06-11T13:34:44","guid":{"rendered":"https:\/\/thesilverings.com\/?post_type=product&#038;p=1311"},"modified":"2025-06-12T17:15:10","modified_gmt":"2025-06-12T17:15:10","slug":"ritterring-mann-silber-malteserkreuz-und-granat","status":"publish","type":"product","link":"https:\/\/thesilverings.com\/de\/shop\/ritter\/silberritter\/ritterring-mann-silber-malteserkreuz-und-granat\/","title":{"rendered":"Herrenring aus Silber, Malteserkreuz und Granat"},"content":{"rendered":"<h2>\ud83d\udd25 HERREN SIEGELRING SILBER MALTESERKREUZ UND GRANAT: BEHAUPTEN SIE IHRE M\u00c4NNLICHKEIT MIT STIL.<\/h2>\n<p>Zeigen Sie Ihre St\u00e4rke und Ihren Mut, ohne ein Wort zu sagen. Dieser Herren-Springring aus 925er Silber mit einem Malteserkreuz und einem kraftvollen Granat ist das ultimative Symbol f\u00fcr M\u00e4nnlichkeit und Vornehmheit.<\/p>\n<ul>\n<li>\ud83c\udf1f <strong>925er Massivsilber :<\/strong> Eine Garantie f\u00fcr Qualit\u00e4t und Haltbarkeit, f\u00fcr ein Schmuckst\u00fcck, das die Zeit \u00fcberdauert wie Ihre innere St\u00e4rke.<\/li>\n<li>\ud83d\udc8e <strong>Faszinierender Granat :<\/strong> Akzentuieren Sie Ihr Outfit mit diesem Stein, der Energie, Leidenschaft und K\u00fchnheit inspiriert.<\/li>\n<li>\u2714\ufe0f <strong>Ikonisches Design :<\/strong> Das Malteserkreuz, ein Symbol f\u00fcr Mut und Ritterlichkeit, perfekt f\u00fcr einen Mann mit Prinzipien und Taten.<\/li>\n<li>\ud83d\udee1\ufe0f <strong>Premium-Komfort :<\/strong> Entwickelt f\u00fcr das t\u00e4gliche Tragen, ohne Ihren Komfort oder Stil zu beeintr\u00e4chtigen.<\/li>\n<li>\ud83d\udc4a <strong>\u00c9clat Masculin Versichert :<\/strong> Steigern Sie Ihre maskuline Ausstrahlung mit einem St\u00fcck, das Ihre dominante und besch\u00fctzende Natur hervorhebt.<\/li>\n<li>\ud83c\udf81 <strong>Ideal zum Verschenken :<\/strong> Ein bedeutungsvolles und m\u00e4nnliches Geschenk, das jeder Mann mit Stolz tragen w\u00fcrde.<\/li>\n<\/ul>\n<p><strong>Warum sollten Sie sich f\u00fcr den Herrenring aus Silber, Malteserkreuz und Granat entscheiden?<\/strong><\/p>\n<ul>\n<li>\ud83d\udc51 <strong>Unbestrittene Qualit\u00e4t :<\/strong> Jeder Ring wird mit gr\u00f6\u00dfter Sorgfalt hergestellt und garantiert eine makellose Verarbeitung und lang anhaltende Freude.<\/li>\n<li>\ud83d\ude80 <strong>Imperialer Stil :<\/strong> Verwandeln Sie Ihren Stil und projizieren Sie ein Bild der St\u00e4rke und des Selbstbewusstseins, wohin Sie auch gehen.<\/li>\n<li>\u2728 <strong>Engagierter Kundenservice :<\/strong> Unser Team ist bereit, Sie vor, w\u00e4hrend und nach dem Kauf zu begleiten, um ein unvergleichliches Erlebnis zu garantieren.<\/li>\n<\/ul>\n<p>Verpassen Sie nicht diese einmalige Gelegenheit, Ihre Individualit\u00e4t zum Ausdruck zu bringen. <strong>Begrenzter Bestand<\/strong> - bestellen Sie jetzt, um sich Ihr Exemplar dieses au\u00dfergew\u00f6hnlichen St\u00fccks zu sichern und sich dem Kreis der vornehmen M\u00e4nner anzuschlie\u00dfen. <strong>Handeln Sie schnell<\/strong> - moderne Helden lassen sich ihre Chance nicht entgehen.<\/p>","protected":false},"excerpt":{"rendered":"<p>\ud83d\udd25 CHEVALI\u00c8RE RING HOMME ARGENT MALTESERKREUZ UND GRENAT: BEKUNDEN SIE IHRE VIRILIT\u00c4T MIT STILLE Zeigen Sie Ihre St\u00e4rke und Ihren Mut, ohne ein Wort zu sagen. Dieser Herren-Springring aus 925er Silber, verziert mit einer ... <\/p>\n<p class=\"read-more-container\"><a title=\"Herrenring aus Silber, Malteserkreuz und Granat\" class=\"read-more button\" href=\"https:\/\/thesilverings.com\/de\/shop\/ritter\/silberritter\/ritterring-mann-silber-malteserkreuz-und-granat\/#more-1311\" aria-label=\"Mehr Informationen \u00fcber Herrenring aus Silber, Malteserkreuz und Granat\">Weiterlesen ...<\/a><\/p>","protected":false},"featured_media":1333,"comment_status":"closed","ping_status":"closed","template":"","meta":[],"product_brand":[],"product_cat":[41,26,27,28,29],"product_tag":[],"class_list":{"0":"post-1311","1":"product","2":"type-product","3":"status-publish","4":"has-post-thumbnail","6":"product_cat-bagues-avec-pierres","7":"product_cat-bagues-fantaisies","8":"product_cat-chevalieres","9":"product_cat-chevalieres-argent","10":"product_cat-symboles","11":"sales-flash-overlay","12":"woocommerce-text-align-left","13":"woocommerce-image-align-center","14":"do-quantity-buttons","15":"wc-has-gallery","17":"first","18":"instock","19":"sale","20":"shipping-taxable","21":"purchasable","22":"product-type-variable"},"_links":{"self":[{"href":"https:\/\/thesilverings.com\/de\/wp-json\/wp\/v2\/product\/1311","targetHints":{"allow":["GET"]}}],"collection":[{"href":"https:\/\/thesilverings.com\/de\/wp-json\/wp\/v2\/product"}],"about":[{"href":"https:\/\/thesilverings.com\/de\/wp-json\/wp\/v2\/types\/product"}],"replies":[{"embeddable":true,"href":"https:\/\/thesilverings.com\/de\/wp-json\/wp\/v2\/comments?post=1311"}],"wp:featuredmedia":[{"embeddable":true,"href":"https:\/\/thesilverings.com\/de\/wp-json\/wp\/v2\/media\/1333"}],"wp:attachment":[{"href":"https:\/\/thesilverings.com\/de\/wp-json\/wp\/v2\/media?parent=1311"}],"wp:term":[{"taxonomy":"product_brand","embeddable":true,"href":"https:\/\/thesilverings.com\/de\/wp-json\/wp\/v2\/product_brand?post=1311"},{"taxonomy":"product_cat","embeddable":true,"href":"https:\/\/thesilverings.com\/de\/wp-json\/wp\/v2\/product_cat?post=1311"},{"taxonomy":"product_tag","embeddable":true,"href":"https:\/\/thesilverings.com\/de\/wp-json\/wp\/v2\/product_tag?post=1311"}],"curies":[{"name":"wp","href":"https:\/\/api.w.org\/{rel}","templated":true}]}}