{"id":1281,"date":"2025-06-11T13:34:21","date_gmt":"2025-06-11T13:34:21","guid":{"rendered":"https:\/\/thesilverings.com\/?post_type=product&#038;p=1281"},"modified":"2025-06-12T17:15:10","modified_gmt":"2025-06-12T17:15:10","slug":"silberring-fur-manner-im-stil-von-totenkopfschuppen","status":"publish","type":"product","link":"https:\/\/thesilverings.com\/de\/shop\/ritter\/silberritter\/silberring-fur-manner-im-stil-von-totenkopfschuppen\/","title":{"rendered":"Silberring f\u00fcr M\u00e4nner im Schildpatt-Stil Totenkopf"},"content":{"rendered":"<h2>\ud83d\udd25 SILBERRING MANN SCHILDPATT STIL TOTENKOPF - F\u00dcR DEN MODERNEN UND M\u00c4NNLICHEN MANN.<\/h2>\n<p><strong>Bringen Sie Ihre innere St\u00e4rke und Individualit\u00e4t zum Ausdruck<\/strong> mit diesem markant maskulinen Ring aus 925er Silber. Dieses St\u00fcck wurde f\u00fcr M\u00e4nner entworfen, die es wagen, sich von der Masse abzuheben, und verleiht jedem Outfit einen rebellischen und stilvollen Touch.<\/p>\n<ul>\n<li>\ud83d\udc80 <strong>Einzigartiges Totenkopf-Design<\/strong> : Verk\u00f6rpern Sie K\u00fchnheit mit diesem starken Symbol f\u00fcr Risiko und Rebellion.<\/li>\n<li>\ud83d\udee1\ufe0f <strong>Sterling Silber 925<\/strong> : Nicht nur robust und langlebig, sondern auch elegant und raffiniert f\u00fcr den t\u00e4glichen Gebrauch.<\/li>\n<li>\ud83c\udf1f <strong>Markierter Schildpatt-Stil<\/strong> Die Details sind pr\u00e4zise, fangen das Licht und die Blicke ein und unterstreichen so Ihre Pr\u00e4senz.<\/li>\n<li>\ud83d\udc4a <strong>M\u00e4nnlicher Akzent<\/strong> : Perfekt, um einen m\u00e4nnlichen und charismatischen Look zu verst\u00e4rken.<\/li>\n<li>\ud83e\udd0d <strong>Optimaler Komfort<\/strong> : Sorgf\u00e4ltig poliert f\u00fcr ein glattes, angenehmes Gef\u00fchl, auch nach stundenlangem Tragen.<\/li>\n<li>\ud83c\udf81 <strong>Ideale Geschenkidee<\/strong> : Ein unvergessliches Geschenk f\u00fcr M\u00e4nner mit einem starken und unabh\u00e4ngigen Geist zu besonderen Anl\u00e4ssen.<\/li>\n<\/ul>\n<h2>WARUM SOLLTEN SIE SICH F\u00dcR DEN SILBERRING F\u00dcR M\u00c4NNER IM STIL EINES TOTENKOPFES ENTSCHEIDEN?<\/h2>\n<p><strong>H\u00f6chste Qualit\u00e4t<\/strong> : Hergestellt aus 925er Sterlingsilber, garantiert dieser Ring jahrelange Festigkeit und Glanz.<\/p>\n<p><strong>Selbstausdruck<\/strong> : Eine starke Art, Ihren k\u00fchnen Charakter und Ihren Sinn f\u00fcr Unabh\u00e4ngigkeit zu vermitteln.<\/p>\n<p><strong>Anpassungsf\u00e4higkeit<\/strong> : Passt perfekt zu einer Vielzahl von Stilen, sei es f\u00fcr einen n\u00e4chtlichen Ausflug oder einen gew\u00f6hnlichen Tag.<\/p>\n<p>\ud83d\udca5 <strong>Handeln Sie jetzt!<\/strong> Dieser Ring ist nur in begrenzter St\u00fcckzahl erh\u00e4ltlich. Verpassen Sie nicht die Gelegenheit, Ihre M\u00e4nnlichkeit und Ihren einzigartigen Stil zu demonstrieren. <strong>F\u00fcgen Sie sie Ihrer Sammlung hinzu, bevor es zu sp\u00e4t ist!<\/strong><\/p>","protected":false},"excerpt":{"rendered":"<p>\ud83d\udd25 SILBERRING F\u00dcR MENSCHEN IM STERNKOPFSCHILD-STIL - F\u00dcR DEN MODERNEN UND VIRILEN MANN Bringen Sie Ihre innere St\u00e4rke und Individualit\u00e4t mit diesem markant maskulinen Ring aus 925er Silber zum Ausdruck. Entworfen f\u00fcr M\u00e4nner, die ... <\/p>\n<p class=\"read-more-container\"><a title=\"Silberring f\u00fcr M\u00e4nner im Schildpatt-Stil Totenkopf\" class=\"read-more button\" href=\"https:\/\/thesilverings.com\/de\/shop\/ritter\/silberritter\/silberring-fur-manner-im-stil-von-totenkopfschuppen\/#more-1281\" aria-label=\"Mehr Informationen \u00fcber Ring Silber Mann Schildpatt-Stil Totenkopf\">Weiterlesen ...<\/a><\/p>","protected":false},"featured_media":1301,"comment_status":"closed","ping_status":"closed","template":"","meta":[],"product_brand":[],"product_cat":[26,27,28,42],"product_tag":[],"class_list":{"0":"post-1281","1":"product","2":"type-product","3":"status-publish","4":"has-post-thumbnail","6":"product_cat-bagues-fantaisies","7":"product_cat-chevalieres","8":"product_cat-chevalieres-argent","9":"product_cat-tete-de-mort","10":"sales-flash-overlay","11":"woocommerce-text-align-left","12":"woocommerce-image-align-center","13":"do-quantity-buttons","14":"wc-has-gallery","16":"first","17":"instock","18":"sale","19":"shipping-taxable","20":"purchasable","21":"product-type-variable"},"_links":{"self":[{"href":"https:\/\/thesilverings.com\/de\/wp-json\/wp\/v2\/product\/1281","targetHints":{"allow":["GET"]}}],"collection":[{"href":"https:\/\/thesilverings.com\/de\/wp-json\/wp\/v2\/product"}],"about":[{"href":"https:\/\/thesilverings.com\/de\/wp-json\/wp\/v2\/types\/product"}],"replies":[{"embeddable":true,"href":"https:\/\/thesilverings.com\/de\/wp-json\/wp\/v2\/comments?post=1281"}],"wp:featuredmedia":[{"embeddable":true,"href":"https:\/\/thesilverings.com\/de\/wp-json\/wp\/v2\/media\/1301"}],"wp:attachment":[{"href":"https:\/\/thesilverings.com\/de\/wp-json\/wp\/v2\/media?parent=1281"}],"wp:term":[{"taxonomy":"product_brand","embeddable":true,"href":"https:\/\/thesilverings.com\/de\/wp-json\/wp\/v2\/product_brand?post=1281"},{"taxonomy":"product_cat","embeddable":true,"href":"https:\/\/thesilverings.com\/de\/wp-json\/wp\/v2\/product_cat?post=1281"},{"taxonomy":"product_tag","embeddable":true,"href":"https:\/\/thesilverings.com\/de\/wp-json\/wp\/v2\/product_tag?post=1281"}],"curies":[{"name":"wp","href":"https:\/\/api.w.org\/{rel}","templated":true}]}}