{"id":1195,"date":"2025-06-11T13:33:41","date_gmt":"2025-06-11T13:33:41","guid":{"rendered":"https:\/\/thesilverings.com\/?post_type=product&#038;p=1195"},"modified":"2025-06-12T17:15:09","modified_gmt":"2025-06-12T17:15:09","slug":"ring-mann-silber-kette-modern","status":"publish","type":"product","link":"https:\/\/thesilverings.com\/de\/shop\/eheringe-manner\/silberne-eheringe\/ring-mann-silber-kette-modern\/","title":{"rendered":"Herrenring Silber Kette modern"},"content":{"rendered":"<h2>\ud83d\udc8d HERRENRING SILBER KETTE MODERN - EIN SYMBOL F\u00dcR ST\u00c4RKE UND ELEGANZ.<\/h2>\n<p>Bringen Sie Ihre innere St\u00e4rke und Raffinesse zum Ausdruck mit der <strong>Herrenring Silber Kette modern<\/strong>. Entworfen f\u00fcr M\u00e4nner, die Wert auf Robustheit und Subtilit\u00e4t legen, wird dieses ikonische St\u00fcck schnell zu einer nat\u00fcrlichen Erweiterung Ihres pers\u00f6nlichen Stils werden.<\/p>\n<ul>\n<li>\ud83d\udd17 <strong>Einzigartiges Design<\/strong> : Inspiriert von der \u00c4sthetik robuster Ketten f\u00e4ngt dieser Ring das Wesen der modernen M\u00e4nnlichkeit ein.<\/li>\n<li>\u23f1\ufe0f <strong>Au\u00dfergew\u00f6hnliche Haltbarkeit<\/strong> : Aus 925er Silber gefertigt, h\u00e4lt er den Anforderungen der Zeit und des Alltags stand.<\/li>\n<li>\ud83d\udc41\ufe0f <strong>Einwandfreie Verarbeitung<\/strong> : Jedes Detail ist fein ausgearbeitet, um eine makellose Optik und optimalen Komfort zu gew\u00e4hrleisten.<\/li>\n<li>\ud83d\udc4a <strong>Symbolik der Macht<\/strong> : Tragen Sie ihn als Zeichen Ihrer Entschlossenheit und pers\u00f6nlichen St\u00e4rke.<\/li>\n<li>\ud83c\udf81 <strong>Ideal als Geschenk<\/strong> : Ein elegantes Geschenk f\u00fcr M\u00e4nner, die hochwertige Accessoires mit Sinn sch\u00e4tzen.<\/li>\n<li>\ud83c\udf0d <strong>Versatiler Stil<\/strong> : Perfekt f\u00fcr jeden Anlass, erg\u00e4nzt sowohl einen Abend- als auch einen Freizeitlook.<\/li>\n<\/ul>\n<h2><strong>Warum sollten Sie sich f\u00fcr einen Herrenring aus Silber mit moderner Kette entscheiden?<\/strong><\/h2>\n<p>Verabschieden Sie die <strong>Herrenring Silber Kette modern<\/strong> bedeutet, ein Schmuckst\u00fcck zu w\u00e4hlen, das Folgendes vereint <strong>\u00c4sthetik<\/strong>, <strong>Nachhaltigkeit<\/strong> und <strong>Bedeutung<\/strong>. Jeder Ring stellt eine Investition in Ihr Image und Ihren Stil dar :<\/p>\n<ul>\n<li><strong>H\u00f6chste Qualit\u00e4t<\/strong> : Strenge Auswahl der Materialien, um eine maximale Lebensdauer zu gew\u00e4hrleisten.<\/li>\n<li><strong>Anpassungsf\u00e4higkeit<\/strong> : Passt dank seines vielseitigen Designs zu jeder Pers\u00f6nlichkeit und jedem Look.<\/li>\n<li><strong>Zufriedenheit Garantie<\/strong> : Voller Einsatz f\u00fcr die Zufriedenheit unserer Kunden mit einer flexiblen R\u00fcckgabepolitik.<\/li>\n<\/ul>\n<p>Lassen Sie sich die Gelegenheit nicht entgehen, sich mit diesem wundersch\u00f6nen Symbol f\u00fcr St\u00e4rke und Eleganz zu profilieren. <strong>Das Angebot ist begrenzt<\/strong> und die Nachfrage ist gro\u00df. <strong>Bestellen Sie noch heute<\/strong> um Ihr Exemplar zu sichern, bevor es ausverkauft ist!<\/p>","protected":false},"excerpt":{"rendered":"<p>\ud83d\udc8d MEN'S ARGENT CHAIN RING MODERN - EIN SYMBOLE F\u00dcR ST\u00c4RKE UND ELEGANZ Dr\u00fccken Sie Ihre innere St\u00e4rke und Raffinesse mit dem Herrenring Silber Kette Modern aus. Dieser Ring wurde f\u00fcr M\u00e4nner entworfen, die ihren ... <\/p>\n<p class=\"read-more-container\"><a title=\"Herrenring Silber Kette modern\" class=\"read-more button\" href=\"https:\/\/thesilverings.com\/de\/shop\/eheringe-manner\/silberne-eheringe\/ring-mann-silber-kette-modern\/#more-1195\" aria-label=\"Mehr Informationen \u00fcber Herrenring Silber Kette Modern\">Weiterlesen ...<\/a><\/p>","protected":false},"featured_media":1218,"comment_status":"closed","ping_status":"closed","template":"","meta":[],"product_brand":[],"product_cat":[31,30],"product_tag":[],"class_list":{"0":"post-1195","1":"product","2":"type-product","3":"status-publish","4":"has-post-thumbnail","6":"product_cat-alliances-argent","7":"product_cat-alliances-hommes","8":"sales-flash-overlay","9":"woocommerce-text-align-left","10":"woocommerce-image-align-center","11":"do-quantity-buttons","12":"wc-has-gallery","14":"first","15":"instock","16":"sale","17":"shipping-taxable","18":"purchasable","19":"product-type-variable"},"_links":{"self":[{"href":"https:\/\/thesilverings.com\/de\/wp-json\/wp\/v2\/product\/1195","targetHints":{"allow":["GET"]}}],"collection":[{"href":"https:\/\/thesilverings.com\/de\/wp-json\/wp\/v2\/product"}],"about":[{"href":"https:\/\/thesilverings.com\/de\/wp-json\/wp\/v2\/types\/product"}],"replies":[{"embeddable":true,"href":"https:\/\/thesilverings.com\/de\/wp-json\/wp\/v2\/comments?post=1195"}],"wp:featuredmedia":[{"embeddable":true,"href":"https:\/\/thesilverings.com\/de\/wp-json\/wp\/v2\/media\/1218"}],"wp:attachment":[{"href":"https:\/\/thesilverings.com\/de\/wp-json\/wp\/v2\/media?parent=1195"}],"wp:term":[{"taxonomy":"product_brand","embeddable":true,"href":"https:\/\/thesilverings.com\/de\/wp-json\/wp\/v2\/product_brand?post=1195"},{"taxonomy":"product_cat","embeddable":true,"href":"https:\/\/thesilverings.com\/de\/wp-json\/wp\/v2\/product_cat?post=1195"},{"taxonomy":"product_tag","embeddable":true,"href":"https:\/\/thesilverings.com\/de\/wp-json\/wp\/v2\/product_tag?post=1195"}],"curies":[{"name":"wp","href":"https:\/\/api.w.org\/{rel}","templated":true}]}}