{"id":1037,"date":"2025-06-11T13:32:19","date_gmt":"2025-06-11T13:32:19","guid":{"rendered":"https:\/\/thesilverings.com\/?post_type=product&#038;p=1037"},"modified":"2025-06-12T17:15:05","modified_gmt":"2025-06-12T17:15:05","slug":"ritterschaft-mann-silber-wappen-mann","status":"publish","type":"product","link":"https:\/\/thesilverings.com\/de\/shop\/ritter\/silberritter\/ritterschaft-mann-silber-wappen-mann\/","title":{"rendered":"Ritter Mann Silber Wappen Mann"},"content":{"rendered":"<h2>\ud83d\udee1\ufe0f SIEGELRING MANN SILBER WAPPEN - MASKULINIT\u00c4T UND ELEGANZ NEU DEFINIERT \ud83d\udee1\ufe0f<\/h2>\n<p>Werten Sie Ihren Stil mit einem St\u00fcck auf, das Macht und Prestige verk\u00f6rpert. Die <strong>Herren-Ritter Silber Wappen<\/strong> ist mehr als nur ein Ring; er ist ein Symbol f\u00fcr Ihre Verpflichtung zu Spitzenleistungen und Ausdruck einer starken Pers\u00f6nlichkeit.<\/p>\n<ul>\n<li>\ud83d\udc51 <strong>Imposantes Design<\/strong> Tragen Sie das Wappen Ihrer Wahl, das Ihr Erbe oder Ihre Bestrebungen widerspiegelt.<\/li>\n<li>\ud83d\udcaa <strong>Echtes 925er Silber<\/strong> : Genie\u00dfen Sie nicht nur seinen lang anhaltenden Glanz, sondern auch seine bemerkenswerte Widerstandsf\u00e4higkeit.<\/li>\n<li>\ud83c\udfc5 <strong>Au\u00dfergew\u00f6hnlicher Komfort<\/strong> : Entwickelt, um im Alltag getragen zu werden, ohne Ihren Komfort zu beeintr\u00e4chtigen.<\/li>\n<li>\ud83d\ude80 <strong>Viriler Stil<\/strong> : Ein Siegelring, der Ihre M\u00e4nnlichkeit betont, perfekt f\u00fcr M\u00e4nner, die ihre Pr\u00e4senz unterstreichen m\u00f6chten.<\/li>\n<li>\ud83c\udf1f <strong>Vielseitigkeit des Stils<\/strong> : Passt perfekt zu einer eleganten Abendgarderobe oder einem schicken Freizeitlook.<\/li>\n<li>\ud83d\udd0d <strong>Vorsicht vor Details<\/strong> : Jeder Ring wird von Hand veredelt, wodurch eine un\u00fcbertroffene Detailgenauigkeit gew\u00e4hrleistet wird.<\/li>\n<\/ul>\n<h2><strong>Warum sollten Sie sich f\u00fcr Chevali\u00e8re homme argent blason homme entscheiden?<\/strong><\/h2>\n<p>Drei wesentliche Gr\u00fcnde, sich f\u00fcr unsere Ritterin Blason zu entscheiden :<\/p>\n<ul>\n<li><strong>Ausgezeichnet :<\/strong> Jeder Siegelring ist ein modisches Statement, ein echter Trumpf, der Ihr Image st\u00e4rkt.<\/li>\n<li><strong>Nachhaltig :<\/strong> Hergestellt aus 925er Silber, das f\u00fcr seine Haltbarkeit und sein zeitloses Aussehen bekannt ist.<\/li>\n<li><strong>Zufriedenheit Garantie :<\/strong> Wir setzen uns f\u00fcr ein unvergleichliches Kundenerlebnis ein, mit einer flexiblen R\u00fcckgabepolitik und einem reaktionsschnellen Kundenservice.<\/li>\n<\/ul>\n<p><strong>\ud83d\udd25 Lassen Sie sich diese einmalige Gelegenheit nicht entgehen! \ud83d\udd25<\/strong> Die <strong>Herren-Ritter Silber Wappen<\/strong> ist nur in begrenzter St\u00fcckzahl erh\u00e4ltlich. Bekr\u00e4ftigen Sie jetzt Ihren Stil und Ihr Erbe. <strong>Kaufen Sie Ihren Siegelring noch heute und schlie\u00dfen Sie sich dem Kreis der M\u00e4nner mit Auszeichnung an!<\/strong><\/p>","protected":false},"excerpt":{"rendered":"<p>\ud83d\udee1\ufe0f CHEVALALI\u00c8RE HOMME ARGENT BLASON - MASCULINIT\u00c9 ET \u00c9L\u00c9GANCE REDEFINIES \ud83d\udee1\ufe0f Veredeln Sie Ihren Stil mit einem St\u00fcck, das Macht und Prestige verk\u00f6rpert. Der Chevali\u00e8re Homme Argent Blason ist mehr als nur ein Ring; er ist ein ... <\/p>\n<p class=\"read-more-container\"><a title=\"Ritter Mann Silber Wappen Mann\" class=\"read-more button\" href=\"https:\/\/thesilverings.com\/de\/shop\/ritter\/silberritter\/ritterschaft-mann-silber-wappen-mann\/#more-1037\" aria-label=\"Mehr Informationen \u00fcber Ritterin Mann Silber Wappen Mann\">Weiterlesen ...<\/a><\/p>","protected":false},"featured_media":1059,"comment_status":"closed","ping_status":"closed","template":"","meta":[],"product_brand":[],"product_cat":[26,27,28,29],"product_tag":[],"class_list":{"0":"post-1037","1":"product","2":"type-product","3":"status-publish","4":"has-post-thumbnail","6":"product_cat-bagues-fantaisies","7":"product_cat-chevalieres","8":"product_cat-chevalieres-argent","9":"product_cat-symboles","10":"sales-flash-overlay","11":"woocommerce-text-align-left","12":"woocommerce-image-align-center","13":"do-quantity-buttons","14":"wc-has-gallery","16":"first","17":"instock","18":"sale","19":"shipping-taxable","20":"purchasable","21":"product-type-variable"},"_links":{"self":[{"href":"https:\/\/thesilverings.com\/de\/wp-json\/wp\/v2\/product\/1037","targetHints":{"allow":["GET"]}}],"collection":[{"href":"https:\/\/thesilverings.com\/de\/wp-json\/wp\/v2\/product"}],"about":[{"href":"https:\/\/thesilverings.com\/de\/wp-json\/wp\/v2\/types\/product"}],"replies":[{"embeddable":true,"href":"https:\/\/thesilverings.com\/de\/wp-json\/wp\/v2\/comments?post=1037"}],"wp:featuredmedia":[{"embeddable":true,"href":"https:\/\/thesilverings.com\/de\/wp-json\/wp\/v2\/media\/1059"}],"wp:attachment":[{"href":"https:\/\/thesilverings.com\/de\/wp-json\/wp\/v2\/media?parent=1037"}],"wp:term":[{"taxonomy":"product_brand","embeddable":true,"href":"https:\/\/thesilverings.com\/de\/wp-json\/wp\/v2\/product_brand?post=1037"},{"taxonomy":"product_cat","embeddable":true,"href":"https:\/\/thesilverings.com\/de\/wp-json\/wp\/v2\/product_cat?post=1037"},{"taxonomy":"product_tag","embeddable":true,"href":"https:\/\/thesilverings.com\/de\/wp-json\/wp\/v2\/product_tag?post=1037"}],"curies":[{"name":"wp","href":"https:\/\/api.w.org\/{rel}","templated":true}]}}