{"id":806,"date":"2025-06-11T13:30:09","date_gmt":"2025-06-11T13:30:09","guid":{"rendered":"https:\/\/thesilverings.com\/?post_type=product&#038;p=806"},"modified":"2025-06-12T17:15:00","modified_gmt":"2025-06-12T17:15:00","slug":"ring-jonc-ecailles-silber-mann","status":"publish","type":"product","link":"http:\/\/thesilverings.com\/de\/shop\/eheringe-manner\/silberne-eheringe\/ring-jonc-ecailles-silber-mann\/","title":{"rendered":"Silberner Schuppenring Mann"},"content":{"rendered":"<h2>\ud83d\udd25 SILBERNER SCHUPPENRING F\u00dcR M\u00c4NNER - DER VERB\u00dcNDETE F\u00dcR STIL UND MASKULINIT\u00c4T.<\/h2>\n<p><strong>Verk\u00f6rperung von St\u00e4rke und Vornehmheit,<\/strong> Der Herrenring Jonc \u00c9cailles Argent Homme vereint Robustheit und Eleganz. Dieser Ring ist f\u00fcr den modernen Mann gemacht, der Einzigartigkeit und Qualit\u00e4t sch\u00e4tzt. Er verwandelt ein klassisches Accessoire in ein Symbol f\u00fcr M\u00e4nnlichkeit und Charakter.<\/p>\n<ul>\n<li>\ud83c\udf1f<strong>H\u00f6chste Qualit\u00e4t :<\/strong> Hergestellt aus 925er Silber, ein Garant f\u00fcr Langlebigkeit und Eleganz.<\/li>\n<li>\ud83d\udc4a<strong>M\u00e4nnliches Design :<\/strong> Robustes Schuppenmuster, das rohe Kraft und Widerstandsf\u00e4higkeit widerspiegelt.<\/li>\n<li>\ud83d\udccf<strong>Perfekte Passform :<\/strong> Bequem und individuell anpassbar, um sich jeder Fingergr\u00f6\u00dfe anzupassen.<\/li>\n<li>\ud83d\udc41\ufe0f\u200d\ud83d\udde8<strong>F\u00e4ngt Blicke ein :<\/strong> Gl\u00e4nzendes Finish, das die Blicke auf sich zieht und Ihre Pr\u00e4senz unterstreicht.<\/li>\n<li>\ud83d\udee0\ufe0f<strong>Pflegeleicht :<\/strong> Wenig Pflege erforderlich, um den urspr\u00fcnglichen Glanz zu erhalten.<\/li>\n<li>\ud83c\udf0d<strong>Umweltfreundlich :<\/strong> Hergestellt aus nachhaltigen Materialien f\u00fcr umweltbewusste M\u00e4nner.<\/li>\n<li>\ud83c\udfc6<strong>Ein Hauch von Prestige :<\/strong> Verbessert Ihr t\u00e4gliches Aussehen und Ihre formelle Kleidung.<\/li>\n<\/ul>\n<h2>WARUM SOLLTEN SIE SICH F\u00dcR EINEN SCHUPPENRING SILBER HERREN ENTSCHEIDEN?<\/h2>\n<p>Wenn Sie sich f\u00fcr unseren Herrenring Jonc \u00c9cailles Argent entscheiden, entscheiden Sie sich f\u00fcr :<\/p>\n<ul>\n<li>\u2728<strong>Ein selbstbewusster Stil :<\/strong> Setzen Sie auf ein Schmuckst\u00fcck, das Ihre Identit\u00e4t und Pr\u00e4senz st\u00e4rkt.<\/li>\n<li>\ud83c\udf96\ufe0f<strong>Un\u00fcbertroffene Qualit\u00e4t :<\/strong> 925er Silber, das auf St\u00e4rke und zeitloses Aussehen getestet wurde.<\/li>\n<li>\ud83d\udc4d<strong>Zufriedenheit garantiert :<\/strong> Reaktiver Kundenservice, der f\u00fcr alle notwendigen Anfragen oder Anpassungen zur Verf\u00fcgung steht.<\/li>\n<\/ul>\n<p><strong>Handeln Sie jetzt!<\/strong> Die Exklusivit\u00e4t dieses silbernen Schuppenrings f\u00fcr M\u00e4nner w\u00e4hrt nicht ewig. Bestellen Sie Ihren Ring noch heute, um sicherzustellen, dass dieses einzigartige Symbol der M\u00e4nnlichkeit Ihnen geh\u00f6rt. <strong>Lassen Sie sich diese Chance, sich zu profilieren, nicht entgehen!<\/strong><\/p>","protected":false},"excerpt":{"rendered":"<p>\ud83d\udd25 BAGUE JONC \u00c9CAILLES ARGENT HOMME - L'ALLI\u00c9 STYLE ET MASCULINIT\u00c9 Als Verk\u00f6rperung von St\u00e4rke und Vornehmheit vereint der Jonc \u00c9cailles Argent Homme Ring Robustheit und Eleganz. Er wurde f\u00fcr den modernen Mann entworfen, der es sch\u00e4tzt, ... <\/p>\n<p class=\"read-more-container\"><a title=\"Silberner Schuppenring Mann\" class=\"read-more button\" href=\"http:\/\/thesilverings.com\/de\/shop\/eheringe-manner\/silberne-eheringe\/ring-jonc-ecailles-silber-mann\/#more-806\" aria-label=\"Mehr Informationen \u00fcber Ring Jonc \u00e9cailles Silber Mann\">Weiterlesen ...<\/a><\/p>","protected":false},"featured_media":819,"comment_status":"closed","ping_status":"closed","template":"","meta":[],"product_brand":[],"product_cat":[31],"product_tag":[],"class_list":{"0":"post-806","1":"product","2":"type-product","3":"status-publish","4":"has-post-thumbnail","6":"product_cat-alliances-argent","7":"sales-flash-overlay","8":"woocommerce-text-align-left","9":"woocommerce-image-align-center","10":"do-quantity-buttons","12":"first","13":"outofstock","14":"sale","15":"shipping-taxable","16":"purchasable","17":"product-type-variable"},"_links":{"self":[{"href":"http:\/\/thesilverings.com\/de\/wp-json\/wp\/v2\/product\/806","targetHints":{"allow":["GET"]}}],"collection":[{"href":"http:\/\/thesilverings.com\/de\/wp-json\/wp\/v2\/product"}],"about":[{"href":"http:\/\/thesilverings.com\/de\/wp-json\/wp\/v2\/types\/product"}],"replies":[{"embeddable":true,"href":"http:\/\/thesilverings.com\/de\/wp-json\/wp\/v2\/comments?post=806"}],"wp:featuredmedia":[{"embeddable":true,"href":"http:\/\/thesilverings.com\/de\/wp-json\/wp\/v2\/media\/819"}],"wp:attachment":[{"href":"http:\/\/thesilverings.com\/de\/wp-json\/wp\/v2\/media?parent=806"}],"wp:term":[{"taxonomy":"product_brand","embeddable":true,"href":"http:\/\/thesilverings.com\/de\/wp-json\/wp\/v2\/product_brand?post=806"},{"taxonomy":"product_cat","embeddable":true,"href":"http:\/\/thesilverings.com\/de\/wp-json\/wp\/v2\/product_cat?post=806"},{"taxonomy":"product_tag","embeddable":true,"href":"http:\/\/thesilverings.com\/de\/wp-json\/wp\/v2\/product_tag?post=806"}],"curies":[{"name":"wp","href":"https:\/\/api.w.org\/{rel}","templated":true}]}}